{"id":1306,"date":"2024-10-23T12:40:27","date_gmt":"2024-10-23T07:10:27","guid":{"rendered":"https:\/\/chaophrayaprincesscruise.com\/?page_id=1306"},"modified":"2025-02-06T16:20:02","modified_gmt":"2025-02-06T10:50:02","slug":"contact-us","status":"publish","type":"page","link":"https:\/\/chaophrayaprincesscruise.com\/de\/kontaktiere-uns\/","title":{"rendered":"Kontaktieren Sie uns"},"content":{"rendered":"<div data-elementor-type=\"wp-page\" data-elementor-id=\"1306\" class=\"elementor elementor-1306\" data-elementor-post-type=\"page\">\n\t\t\t\t\t\t<section data-particle_enable=\"false\" data-particle-mobile-disabled=\"false\" class=\"elementor-section elementor-top-section elementor-element elementor-element-2c10db5 elementor-section-boxed elementor-section-height-default elementor-section-height-default\" data-id=\"2c10db5\" data-element_type=\"section\" data-e-type=\"section\">\n\t\t\t\t\t\t<div class=\"elementor-container elementor-column-gap-default\">\n\t\t\t\t\t<div class=\"elementor-column elementor-col-100 elementor-top-column elementor-element elementor-element-eef4b82\" data-id=\"eef4b82\" data-element_type=\"column\" data-e-type=\"column\">\n\t\t\t<div class=\"elementor-widget-wrap elementor-element-populated\">\n\t\t\t\t\t\t<div class=\"elementor-element elementor-element-6c3c170 elementor-widget elementor-widget-text-editor\" data-id=\"6c3c170\" data-element_type=\"widget\" data-e-type=\"widget\" data-widget_type=\"text-editor.default\">\n\t\t\t\t<div class=\"elementor-widget-container\">\n\t\t\t\t\t\t\t\t\t<h1 style=\"text-align: center;\"><span style=\"color: #000000;\"><strong>Kontaktieren Sie uns<\/strong><\/span><\/h1><p><span style=\"color: #000000;\">Bei <a style=\"color: #000000;\" href=\"https:\/\/chaophrayaprincesscruise.com\/de\/\"><strong>Chao Phraya Princess-Kreuzfahrt<\/strong><\/a>, betrieben von <strong>Triplyn-Ferien<\/strong>, wir sind spezialisiert auf <strong>problemloser Ticketbuchungsservice<\/strong> f\u00fcr eine <strong>luxuri\u00f6ses Speiseerlebnis<\/strong> auf der <strong>Fluss Chao Phraya<\/strong>. Ob Sie Unterst\u00fctzung bei Ihrem <strong>Kreuzfahrtreservierung<\/strong>, haben Fragen zu <strong>Speisem\u00f6glichkeiten, Abflugorte oder Reiseunterst\u00fctzung<\/strong>, unser Team ist hier, um zu helfen!<\/span><\/p><p><span style=\"color: #000000;\">\ud83d\udea8 <strong>Bitte beachten Sie:<\/strong> Wir sind <strong>nicht die offizielle Website von Chao Phraya Princess Cruise<\/strong>Wir bieten eine <strong>Vertrauensw\u00fcrdige Plattform zur Buchung von Kreuzfahrttickets<\/strong> um sicherzustellen, dass Sie genie\u00dfen eine <strong>reibungsloses und nahtloses Reservierungserlebnis<\/strong>.<\/span><\/p><hr \/><h2><span style=\"color: #000000;\"><strong>\ud83d\udce7 So erreichen Sie uns<\/strong><\/span><\/h2><h3><span style=\"color: #000000;\"><strong>\ud83d\udce9 E-Mail-Support<\/strong><\/span><\/h3><p><span style=\"color: #000000;\">F\u00fcr alle <strong>Anfragen oder Hilfestellung<\/strong>, kontaktieren Sie uns einfach per E-Mail und unser Team wird umgehend antworten.<\/span><\/p><p><span style=\"color: #000000;\">\ud83d\udce7 <strong>E-Mail:<\/strong> <a style=\"color: #000000;\" href=\"mailto:contact@chaophrayaprincesscruise.com\" rel=\"noopener\">contact@chaophrayaprincesscruise.com<\/a><\/span><\/p><hr \/><h3><span style=\"color: #000000;\"><strong>\ud83d\udcac Live-Chat<\/strong><\/span><\/h3><p><span style=\"color: #000000;\">Brauchen Sie sofortige Unterst\u00fctzung? Unsere <strong>Live-Chat-Funktion<\/strong> ist auf unserer Website verf\u00fcgbar, um <strong>Echtzeit-Unterst\u00fctzung<\/strong> f\u00fcr alle Fragen zu Ihrem <strong>Buchung einer Chao Phraya Princess-Kreuzfahrt<\/strong>.<\/span><\/p><p><span style=\"color: #000000;\">\ud83c\udf10 <strong>Besuchen:<\/strong> <a style=\"color: #000000;\" href=\"https:\/\/chaophrayaprincesscruise.com\/de\/\" target=\"_new\" rel=\"noopener\">https:\/\/chaophrayaprincesscruise.com\/<\/a> Und <strong>Chatten Sie jetzt mit uns!<\/strong><\/span><\/p><hr \/><h3><span style=\"color: #000000;\"><strong>\ud83d\udd52 Kundendienstzeiten<\/strong><\/span><\/h3><p><span style=\"color: #000000;\">Unser engagiertes Support-Team steht Ihnen zur Verf\u00fcgung <strong>Wir unterst\u00fctzen Sie rund um die Uhr<\/strong>, sodass jederzeit ein reibungsloses und angenehmes Buchungserlebnis gew\u00e4hrleistet ist.<\/span><\/p><p><span style=\"color: #000000;\">\ud83d\udcde <strong>24\/7 Kundenbetreuung<\/strong> \u2013 Wir sind f\u00fcr Sie da bei <strong>Fragen vor, w\u00e4hrend oder nach Ihrer Buchung<\/strong>.<\/span><\/p><hr \/><h2><span style=\"color: #000000;\"><strong>\ud83c\udf1f Warum bei Triplyn Holidays buchen?<\/strong><\/span><\/h2><p><span style=\"color: #000000;\">Bei <strong>Triplyn-Ferien<\/strong>sind wir bestrebt, <strong>au\u00dfergew\u00f6hnlicher Kundenservice<\/strong> um Ihre <strong>Chao Phraya Princess Kreuzfahrt-Erlebnis<\/strong> stressfrei und angenehm.<\/span><\/p><p><span style=\"color: #000000;\">\u2705 <strong>Schnelle und sichere Ticketbuchung<\/strong> \u2013 Sofortige Best\u00e4tigung mit einem nahtlosen Reservierungsprozess.<\/span><br \/><span style=\"color: #000000;\">\u2705 <strong>Zuverl\u00e4ssige Kundenbetreuung<\/strong> \u2013 Freundliche Betreuung vor, w\u00e4hrend und nach Ihrer Buchung.<\/span><br \/><span style=\"color: #000000;\">\u2705 <strong>Beste Preise und exklusive Angebote<\/strong> \u2013 Erhalten Sie die besten Angebote auf <strong>Chao Phraya Princess Dinner- und Sonnenuntergangskreuzfahrten<\/strong>.<\/span><\/p><p><span style=\"color: #000000;\">\ud83d\udccd <strong>Webseite:<\/strong> <a style=\"color: #000000;\" href=\"https:\/\/chaophrayaprincesscruise.com\/de\/\" target=\"_new\" rel=\"noopener\">https:\/\/chaophrayaprincesscruise.com\/<\/a><\/span><br \/><span style=\"color: #000000;\">\ud83d\udce9 <strong>E-Mail:<\/strong> <a style=\"color: #000000;\" href=\"mailto:contact@chaophrayaprincesscruise.com\" rel=\"noopener\">contact@chaophrayaprincesscruise.com<\/a><\/span><\/p><hr \/><h2><span style=\"color: #000000;\"><strong>\ud83d\udea2 Planen Sie Ihre perfekte Kreuzfahrt auf dem Chao Phraya!<\/strong><\/span><\/h2><p><span style=\"color: #000000;\">Lassen Sie sich von uns helfen <strong>Buchen Sie Ihre Luxus-Dinner-Kreuzfahrt, Sonnenuntergangskreuzfahrt oder ein besonderes Event auf dem Fluss Chao Phraya<\/strong>Wir freuen uns darauf, Sie zu unterst\u00fctzen und Ihre <strong><a style=\"color: #000000;\" href=\"https:\/\/chaophrayaprincesscruise.com\/de\/\">Chao Phraya Prinzessin<\/a> Unvergessliches Kreuzfahrterlebnis!<\/strong><\/span><\/p>\t\t\t\t\t\t\t\t<\/div>\n\t\t\t\t<\/div>\n\t\t\t\t\t<\/div>\n\t\t<\/div>\n\t\t\t\t\t<\/div>\n\t\t<\/section>\n\t\t\t\t<\/div>","protected":false},"excerpt":{"rendered":"<p>Contact Us At Chao Phraya Princess Cruise, operated by Triplyn Holidays, we specialize in hassle-free ticket booking services for a luxurious dining experience on the Chao Phraya River. Whether you need assistance with your cruise reservation, have inquiries about dining options, departure locations, or travel support, our team is here to help! \ud83d\udea8 Please Note: [&hellip;]<\/p>\n","protected":false},"author":1,"featured_media":0,"parent":0,"menu_order":0,"comment_status":"closed","ping_status":"open","template":"","meta":{"ocean_post_layout":"","ocean_both_sidebars_style":"","ocean_both_sidebars_content_width":0,"ocean_both_sidebars_sidebars_width":0,"ocean_sidebar":"","ocean_second_sidebar":"","ocean_disable_margins":"enable","ocean_add_body_class":"","ocean_shortcode_before_top_bar":"","ocean_shortcode_after_top_bar":"","ocean_shortcode_before_header":"","ocean_shortcode_after_header":"","ocean_has_shortcode":"","ocean_shortcode_after_title":"","ocean_shortcode_before_footer_widgets":"","ocean_shortcode_after_footer_widgets":"","ocean_shortcode_before_footer_bottom":"","ocean_shortcode_after_footer_bottom":"","ocean_display_top_bar":"default","ocean_display_header":"default","ocean_header_style":"","ocean_center_header_left_menu":"","ocean_custom_header_template":"","ocean_custom_logo":0,"ocean_custom_retina_logo":0,"ocean_custom_logo_max_width":0,"ocean_custom_logo_tablet_max_width":0,"ocean_custom_logo_mobile_max_width":0,"ocean_custom_logo_max_height":0,"ocean_custom_logo_tablet_max_height":0,"ocean_custom_logo_mobile_max_height":0,"ocean_header_custom_menu":"","ocean_menu_typo_font_family":"","ocean_menu_typo_font_subset":"","ocean_menu_typo_font_size":0,"ocean_menu_typo_font_size_tablet":0,"ocean_menu_typo_font_size_mobile":0,"ocean_menu_typo_font_size_unit":"px","ocean_menu_typo_font_weight":"","ocean_menu_typo_font_weight_tablet":"","ocean_menu_typo_font_weight_mobile":"","ocean_menu_typo_transform":"","ocean_menu_typo_transform_tablet":"","ocean_menu_typo_transform_mobile":"","ocean_menu_typo_line_height":0,"ocean_menu_typo_line_height_tablet":0,"ocean_menu_typo_line_height_mobile":0,"ocean_menu_typo_line_height_unit":"","ocean_menu_typo_spacing":0,"ocean_menu_typo_spacing_tablet":0,"ocean_menu_typo_spacing_mobile":0,"ocean_menu_typo_spacing_unit":"","ocean_menu_link_color":"","ocean_menu_link_color_hover":"","ocean_menu_link_color_active":"","ocean_menu_link_background":"","ocean_menu_link_hover_background":"","ocean_menu_link_active_background":"","ocean_menu_social_links_bg":"","ocean_menu_social_hover_links_bg":"","ocean_menu_social_links_color":"","ocean_menu_social_hover_links_color":"","ocean_disable_title":"default","ocean_disable_heading":"default","ocean_post_title":"","ocean_post_subheading":"","ocean_post_title_style":"","ocean_post_title_background_color":"","ocean_post_title_background":0,"ocean_post_title_bg_image_position":"","ocean_post_title_bg_image_attachment":"","ocean_post_title_bg_image_repeat":"","ocean_post_title_bg_image_size":"","ocean_post_title_height":0,"ocean_post_title_bg_overlay":0.5,"ocean_post_title_bg_overlay_color":"","ocean_disable_breadcrumbs":"default","ocean_breadcrumbs_color":"","ocean_breadcrumbs_separator_color":"","ocean_breadcrumbs_links_color":"","ocean_breadcrumbs_links_hover_color":"","ocean_display_footer_widgets":"default","ocean_display_footer_bottom":"default","ocean_custom_footer_template":"","footnotes":""},"class_list":["post-1306","page","type-page","status-publish","hentry","entry","owp-thumbs-layout-horizontal","owp-btn-normal","owp-tabs-layout-horizontal","has-no-thumbnails","has-product-nav"],"yoast_head":"<!-- This site is optimized with the Yoast SEO plugin v27.4 - https:\/\/yoast.com\/product\/yoast-seo-wordpress\/ -->\n<title>Contact Triplyn Holidays \u2013 24x7 Support For Ticket Inquiries<\/title>\n<meta name=\"description\" content=\"Reach Out To Triplyn Holidays For Ticket Bookings Or Customer Service. Available Via WhatsApp &amp; Live Chat For A Seamless Experience!\" \/>\n<meta name=\"robots\" content=\"noindex, follow\" \/>\n<meta property=\"og:locale\" content=\"de_DE\" \/>\n<meta property=\"og:type\" content=\"article\" \/>\n<meta property=\"og:title\" content=\"Contact Triplyn Holidays \u2013 24x7 Support For Ticket Inquiries\" \/>\n<meta property=\"og:description\" content=\"Reach Out To Triplyn Holidays For Ticket Bookings Or Customer Service. Available Via WhatsApp &amp; Live Chat For A Seamless Experience!\" \/>\n<meta property=\"og:url\" content=\"https:\/\/chaophrayaprincesscruise.com\/de\/kontaktiere-uns\/\" \/>\n<meta property=\"og:site_name\" content=\"Chao Phraya Princess Cruise\" \/>\n<meta property=\"article:modified_time\" content=\"2025-02-06T10:50:02+00:00\" \/>\n<meta name=\"twitter:card\" content=\"summary_large_image\" \/>\n<meta name=\"twitter:label1\" content=\"Gesch\u00e4tzte Lesezeit\" \/>\n\t<meta name=\"twitter:data1\" content=\"2\u00a0Minuten\" \/>\n<script type=\"application\/ld+json\" class=\"yoast-schema-graph\">{\"@context\":\"https:\\\/\\\/schema.org\",\"@graph\":[{\"@type\":\"WebPage\",\"@id\":\"https:\\\/\\\/chaophrayaprincesscruise.com\\\/contact-us\\\/\",\"url\":\"https:\\\/\\\/chaophrayaprincesscruise.com\\\/contact-us\\\/\",\"name\":\"Contact Triplyn Holidays \u2013 24x7 Support For Ticket Inquiries\",\"isPartOf\":{\"@id\":\"https:\\\/\\\/chaophrayaprincesscruise.com\\\/#website\"},\"datePublished\":\"2024-10-23T07:10:27+00:00\",\"dateModified\":\"2025-02-06T10:50:02+00:00\",\"description\":\"Reach Out To Triplyn Holidays For Ticket Bookings Or Customer Service. Available Via WhatsApp & Live Chat For A Seamless Experience!\",\"breadcrumb\":{\"@id\":\"https:\\\/\\\/chaophrayaprincesscruise.com\\\/contact-us\\\/#breadcrumb\"},\"inLanguage\":\"de\",\"potentialAction\":[{\"@type\":\"ReadAction\",\"target\":[\"https:\\\/\\\/chaophrayaprincesscruise.com\\\/contact-us\\\/\"]}]},{\"@type\":\"BreadcrumbList\",\"@id\":\"https:\\\/\\\/chaophrayaprincesscruise.com\\\/contact-us\\\/#breadcrumb\",\"itemListElement\":[{\"@type\":\"ListItem\",\"position\":1,\"name\":\"Home\",\"item\":\"https:\\\/\\\/chaophrayaprincesscruise.com\\\/\"},{\"@type\":\"ListItem\",\"position\":2,\"name\":\"Contact Us\"}]},{\"@type\":\"WebSite\",\"@id\":\"https:\\\/\\\/chaophrayaprincesscruise.com\\\/#website\",\"url\":\"https:\\\/\\\/chaophrayaprincesscruise.com\\\/\",\"name\":\"Chao Phraya Princess Cruise\",\"description\":\"\",\"publisher\":{\"@id\":\"https:\\\/\\\/chaophrayaprincesscruise.com\\\/#organization\"},\"potentialAction\":[{\"@type\":\"SearchAction\",\"target\":{\"@type\":\"EntryPoint\",\"urlTemplate\":\"https:\\\/\\\/chaophrayaprincesscruise.com\\\/?s={search_term_string}\"},\"query-input\":{\"@type\":\"PropertyValueSpecification\",\"valueRequired\":true,\"valueName\":\"search_term_string\"}}],\"inLanguage\":\"de\"},{\"@type\":\"Organization\",\"@id\":\"https:\\\/\\\/chaophrayaprincesscruise.com\\\/#organization\",\"name\":\"Chao Phraya Princess Cruise\",\"url\":\"https:\\\/\\\/chaophrayaprincesscruise.com\\\/\",\"logo\":{\"@type\":\"ImageObject\",\"inLanguage\":\"de\",\"@id\":\"https:\\\/\\\/chaophrayaprincesscruise.com\\\/#\\\/schema\\\/logo\\\/image\\\/\",\"url\":\"https:\\\/\\\/chaophrayaprincesscruise.com\\\/wp-content\\\/uploads\\\/2024\\\/08\\\/Chao-Phraya-Princess.png\",\"contentUrl\":\"https:\\\/\\\/chaophrayaprincesscruise.com\\\/wp-content\\\/uploads\\\/2024\\\/08\\\/Chao-Phraya-Princess.png\",\"width\":350,\"height\":100,\"caption\":\"Chao Phraya Princess Cruise\"},\"image\":{\"@id\":\"https:\\\/\\\/chaophrayaprincesscruise.com\\\/#\\\/schema\\\/logo\\\/image\\\/\"}}]}<\/script>\n<!-- \/ Yoast SEO plugin. -->","yoast_head_json":{"title":"Kontaktieren Sie Triplyn Holidays \u2013 24x7-Support f\u00fcr Ticketanfragen","description":"Kontaktieren Sie Triplyn Holidays f\u00fcr Ticketbuchungen oder den Kundenservice. Verf\u00fcgbar \u00fcber WhatsApp und Live-Chat f\u00fcr ein nahtloses Erlebnis!","robots":{"index":"noindex","follow":"follow"},"og_locale":"de_DE","og_type":"article","og_title":"Contact Triplyn Holidays \u2013 24x7 Support For Ticket Inquiries","og_description":"Reach Out To Triplyn Holidays For Ticket Bookings Or Customer Service. Available Via WhatsApp & Live Chat For A Seamless Experience!","og_url":"https:\/\/chaophrayaprincesscruise.com\/de\/kontaktiere-uns\/","og_site_name":"Chao Phraya Princess Cruise","article_modified_time":"2025-02-06T10:50:02+00:00","twitter_card":"summary_large_image","twitter_misc":{"Gesch\u00e4tzte Lesezeit":"2\u00a0Minuten"},"schema":{"@context":"https:\/\/schema.org","@graph":[{"@type":"WebPage","@id":"https:\/\/chaophrayaprincesscruise.com\/contact-us\/","url":"https:\/\/chaophrayaprincesscruise.com\/contact-us\/","name":"Kontaktieren Sie Triplyn Holidays \u2013 24x7-Support f\u00fcr Ticketanfragen","isPartOf":{"@id":"https:\/\/chaophrayaprincesscruise.com\/#website"},"datePublished":"2024-10-23T07:10:27+00:00","dateModified":"2025-02-06T10:50:02+00:00","description":"Kontaktieren Sie Triplyn Holidays f\u00fcr Ticketbuchungen oder den Kundenservice. Verf\u00fcgbar \u00fcber WhatsApp und Live-Chat f\u00fcr ein nahtloses Erlebnis!","breadcrumb":{"@id":"https:\/\/chaophrayaprincesscruise.com\/contact-us\/#breadcrumb"},"inLanguage":"de","potentialAction":[{"@type":"ReadAction","target":["https:\/\/chaophrayaprincesscruise.com\/contact-us\/"]}]},{"@type":"BreadcrumbList","@id":"https:\/\/chaophrayaprincesscruise.com\/contact-us\/#breadcrumb","itemListElement":[{"@type":"ListItem","position":1,"name":"Home","item":"https:\/\/chaophrayaprincesscruise.com\/"},{"@type":"ListItem","position":2,"name":"Contact Us"}]},{"@type":"WebSite","@id":"https:\/\/chaophrayaprincesscruise.com\/#website","url":"https:\/\/chaophrayaprincesscruise.com\/","name":"Chao Phraya Princess-Kreuzfahrt","description":"","publisher":{"@id":"https:\/\/chaophrayaprincesscruise.com\/#organization"},"potentialAction":[{"@type":"SearchAction","target":{"@type":"EntryPoint","urlTemplate":"https:\/\/chaophrayaprincesscruise.com\/?s={search_term_string}"},"query-input":{"@type":"PropertyValueSpecification","valueRequired":true,"valueName":"search_term_string"}}],"inLanguage":"de"},{"@type":"Organization","@id":"https:\/\/chaophrayaprincesscruise.com\/#organization","name":"Chao Phraya Princess-Kreuzfahrt","url":"https:\/\/chaophrayaprincesscruise.com\/","logo":{"@type":"ImageObject","inLanguage":"de","@id":"https:\/\/chaophrayaprincesscruise.com\/#\/schema\/logo\/image\/","url":"https:\/\/chaophrayaprincesscruise.com\/wp-content\/uploads\/2024\/08\/Chao-Phraya-Princess.png","contentUrl":"https:\/\/chaophrayaprincesscruise.com\/wp-content\/uploads\/2024\/08\/Chao-Phraya-Princess.png","width":350,"height":100,"caption":"Chao Phraya Princess Cruise"},"image":{"@id":"https:\/\/chaophrayaprincesscruise.com\/#\/schema\/logo\/image\/"}}]}},"jetpack_sharing_enabled":true,"_links":{"self":[{"href":"https:\/\/chaophrayaprincesscruise.com\/de\/wp-json\/wp\/v2\/pages\/1306","targetHints":{"allow":["GET"]}}],"collection":[{"href":"https:\/\/chaophrayaprincesscruise.com\/de\/wp-json\/wp\/v2\/pages"}],"about":[{"href":"https:\/\/chaophrayaprincesscruise.com\/de\/wp-json\/wp\/v2\/types\/page"}],"author":[{"embeddable":true,"href":"https:\/\/chaophrayaprincesscruise.com\/de\/wp-json\/wp\/v2\/users\/1"}],"replies":[{"embeddable":true,"href":"https:\/\/chaophrayaprincesscruise.com\/de\/wp-json\/wp\/v2\/comments?post=1306"}],"version-history":[{"count":13,"href":"https:\/\/chaophrayaprincesscruise.com\/de\/wp-json\/wp\/v2\/pages\/1306\/revisions"}],"predecessor-version":[{"id":2005,"href":"https:\/\/chaophrayaprincesscruise.com\/de\/wp-json\/wp\/v2\/pages\/1306\/revisions\/2005"}],"wp:attachment":[{"href":"https:\/\/chaophrayaprincesscruise.com\/de\/wp-json\/wp\/v2\/media?parent=1306"}],"curies":[{"name":"wp","href":"https:\/\/api.w.org\/{rel}","templated":true}]}}