{"id":3,"date":"2024-08-27T12:39:40","date_gmt":"2024-08-27T12:39:40","guid":{"rendered":"https:\/\/chaophrayaprincesscruise.com\/?page_id=3"},"modified":"2025-02-06T16:23:28","modified_gmt":"2025-02-06T10:53:28","slug":"privacy-policy","status":"publish","type":"page","link":"https:\/\/chaophrayaprincesscruise.com\/de\/datenschutzrichtlinie\/","title":{"rendered":"Datenschutzrichtlinie"},"content":{"rendered":"<div data-elementor-type=\"wp-page\" data-elementor-id=\"3\" class=\"elementor elementor-3\" data-elementor-post-type=\"page\">\n\t\t\t\t\t\t<section data-particle_enable=\"false\" data-particle-mobile-disabled=\"false\" class=\"elementor-section elementor-top-section elementor-element elementor-element-2c10db5 elementor-section-boxed elementor-section-height-default elementor-section-height-default\" data-id=\"2c10db5\" data-element_type=\"section\" data-e-type=\"section\">\n\t\t\t\t\t\t<div class=\"elementor-container elementor-column-gap-default\">\n\t\t\t\t\t<div class=\"elementor-column elementor-col-100 elementor-top-column elementor-element elementor-element-eef4b82\" data-id=\"eef4b82\" data-element_type=\"column\" data-e-type=\"column\">\n\t\t\t<div class=\"elementor-widget-wrap elementor-element-populated\">\n\t\t\t\t\t\t<div class=\"elementor-element elementor-element-6c3c170 elementor-widget elementor-widget-text-editor\" data-id=\"6c3c170\" data-element_type=\"widget\" data-e-type=\"widget\" data-widget_type=\"text-editor.default\">\n\t\t\t\t<div class=\"elementor-widget-container\">\n\t\t\t\t\t\t\t\t\t<h1 style=\"text-align: center;\"><span style=\"color: #000000;\"><strong>Datenschutzrichtlinie<\/strong><\/span><\/h1><p><span style=\"color: #000000;\">Bei <a href=\"https:\/\/chaophrayaprincesscruise.com\/de\/\"><strong>Chao Phraya Princess-Kreuzfahrt<\/strong><\/a>, betrieben von <strong>Triplyn-Ferien<\/strong>sind wir verpflichtet, <strong>Schutz Ihrer Privatsph\u00e4re<\/strong> und sicherzustellen, dass Ihre <strong>Pers\u00f6nliche Informationen bleiben sicher<\/strong>Diese Datenschutzrichtlinie beschreibt, wie wir <strong>sammeln, nutzen und sichern<\/strong> Ihre Daten beim Besuch unserer Website <strong><a style=\"color: #000000;\" href=\"https:\/\/chaophrayaprincesscruise.com\/de\/\" target=\"_new\" rel=\"noopener\">https:\/\/chaophrayaprincesscruise.com<\/a><\/strong>.<\/span><\/p><p><span style=\"color: #000000;\">\ud83d\udea8 <strong>Bitte beachten Sie:<\/strong> Wir sind <strong>nicht die offizielle Website f\u00fcr Chao Phraya Princess Cruise<\/strong>Wir bieten <strong>unabh\u00e4ngige Ticketbuchungsdienste<\/strong> bieten eine <strong>nahtloses und sicheres Buchungserlebnis<\/strong> f\u00fcr unsere Kunden.<\/span><\/p><hr \/><h2><span style=\"color: #000000;\"><strong>1. Von uns erfasste Informationen<\/strong><\/span><\/h2><p><span style=\"color: #000000;\">Um eine <strong>reibungsloses und sicheres Ticketbuchungserlebnis<\/strong>erfassen wir die folgenden Arten von Informationen:<\/span><\/p><p><span style=\"color: #000000;\">\ud83d\udd39 <strong>Pers\u00f6nliche Angaben<\/strong> \u2013 Name, E-Mail-Adresse, Telefonnummer und andere Details, die bei der Buchung oder Anfrage angegeben werden.<\/span><br \/><span style=\"color: #000000;\">\ud83d\udd39 <strong>Zahlungsinformationen<\/strong> \u2013 Alle Transaktionen werden sicher abgewickelt \u00fcber <strong>Zahlungsgateways von Drittanbietern<\/strong>; wir speichern keine Kredit-\/Debitkartendaten.<\/span><br \/><span style=\"color: #000000;\">\ud83d\udd39 <strong>Website-Nutzungsdaten<\/strong> \u2013 Wir verwenden Cookies und Analysetools zur Erfassung <strong>IP-Adressen, Browserdetails und Seitenbesuchsverlauf<\/strong> um die Funktionalit\u00e4t der Website und das Benutzererlebnis zu verbessern.<\/span><\/p><hr \/><h2><span style=\"color: #000000;\"><strong>2. Wie wir Ihre Daten verwenden<\/strong><\/span><\/h2><p><span style=\"color: #000000;\">Wir erheben und verwenden Ihre Daten f\u00fcr folgende Zwecke:<\/span><\/p><p><span style=\"color: #000000;\">\u2714\ufe0f <strong>Zur Bearbeitung und Verwaltung von Ticketbuchungen<\/strong><\/span><br \/><span style=\"color: #000000;\">\u2714\ufe0f <strong>Zum Versenden von Buchungsbest\u00e4tigungen und Updates<\/strong><\/span><br \/><span style=\"color: #000000;\">\u2714\ufe0f <strong>Um Kundensupport zu bieten und auf Anfragen zu antworten<\/strong><\/span><br \/><span style=\"color: #000000;\">\u2714\ufe0f <strong>Um die Funktionalit\u00e4t der Website und das Benutzererlebnis zu verbessern<\/strong><\/span><br \/><span style=\"color: #000000;\">\u2714\ufe0f <strong>Zum Senden von Werbeangeboten (nur wenn Sie dem zustimmen)<\/strong><\/span><\/p><p><span style=\"color: #000000;\">\ud83d\udeab Wir <strong>nicht<\/strong> Ihre personenbezogenen Daten zu Marketingzwecken verkaufen, vermieten oder an Dritte weitergeben.<\/span><\/p><hr \/><h2><span style=\"color: #000000;\"><strong>3. Wie wir Ihre Daten sch\u00fctzen<\/strong><\/span><\/h2><p><span style=\"color: #000000;\">\ud83d\udd12 Wir implementieren <strong>Industriestandard-Sicherheitsma\u00dfnahmen<\/strong> Zu <strong>Verhinderung unbefugten Zugriffs, unbefugter Offenlegung oder Missbrauchs<\/strong> Ihrer pers\u00f6nlichen Daten.<\/span><br \/><span style=\"color: #000000;\">\ud83d\udd12 Unsere Website nutzt <strong>SSL (Secure Socket Layer)-Verschl\u00fcsselung<\/strong> um eine sichere Daten\u00fcbertragung zu gew\u00e4hrleisten.<\/span><br \/><span style=\"color: #000000;\">\ud83d\udd12 Zahlungstransaktionen werden sicher abgewickelt durch <strong>vertrauensw\u00fcrdige Drittanbieter-Zahlungsanbieter<\/strong>, und wir <strong>Speichern Sie keine Finanzinformationen<\/strong>.<\/span><\/p><hr \/><h2><span style=\"color: #000000;\"><strong>4. Weitergabe Ihrer Daten<\/strong><\/span><\/h2><p><span style=\"color: #000000;\">Wir geben Ihre Daten nur weiter an <strong>Vertrauensw\u00fcrdige Partner<\/strong> notwendig zur Abwicklung Ihrer Buchung:<\/span><\/p><p><span style=\"color: #000000;\">\u2714\ufe0f <strong>Zahlungsgateways<\/strong> \u2013 F\u00fcr sichere Online-Transaktionen.<\/span><br \/><span style=\"color: #000000;\">\u2714\ufe0f <strong>Ticketpartner<\/strong> \u2013 Um Ihre Buchung auszuf\u00fchren und einen reibungslosen Ablauf zu gew\u00e4hrleisten.<\/span><\/p><p><span style=\"color: #000000;\">Alle Dienstleister sind verpflichtet, <strong>Vertraulichkeit wahren und Ihre Daten nur f\u00fcr den vorgesehenen Zweck verwenden<\/strong>.<\/span><\/p><hr \/><h2><span style=\"color: #000000;\"><strong>5. Ihre Datenrechte<\/strong><\/span><\/h2><p><span style=\"color: #000000;\">Als Nutzer unserer Website haben Sie hinsichtlich Ihrer personenbezogenen Daten folgende Rechte:<\/span><\/p><p><span style=\"color: #000000;\">\ud83d\udd39 <strong>Zugang<\/strong> \u2013 Sie k\u00f6nnen eine Kopie der personenbezogenen Daten anfordern, die wir \u00fcber Sie gespeichert haben.<\/span><br \/><span style=\"color: #000000;\">\ud83d\udd39 <strong>Korrektur<\/strong> \u2013 Wenn Ihre Angaben nicht korrekt sind, k\u00f6nnen Sie eine Aktualisierung anfordern.<\/span><br \/><span style=\"color: #000000;\">\ud83d\udd39 <strong>Streichung<\/strong> \u2013 Sie k\u00f6nnen die L\u00f6schung Ihrer Daten verlangen, wenn diese nicht mehr ben\u00f6tigt werden.<\/span><br \/><span style=\"color: #000000;\">\ud83d\udd39 <strong>Opt-out<\/strong> \u2013 Sie k\u00f6nnen sich jederzeit von Werbe-E-Mails abmelden.<\/span><\/p><p><span style=\"color: #000000;\">\ud83d\udce9 Um diese Rechte auszu\u00fcben, kontaktieren Sie uns unter <strong><a style=\"color: #000000;\" href=\"mailto:contact@chaophrayaprincesscruise.com\" rel=\"noopener\">contact@chaophrayaprincesscruise.com<\/a><\/strong>.<\/span><\/p><hr \/><h2><span style=\"color: #000000;\"><strong>6. Cookie-Richtlinie<\/strong><\/span><\/h2><p><span style=\"color: #000000;\">\ud83c\udf6a Unsere Website nutzt <strong>Kekse<\/strong> um die Funktionalit\u00e4t zu erweitern und das Benutzererlebnis zu verbessern.<\/span><\/p><p><span style=\"color: #000000;\">\u2714\ufe0f Cookies helfen uns, den Website-Verkehr zu analysieren und die Leistung zu optimieren.<\/span><br \/><span style=\"color: #000000;\">\u2714\ufe0f Sie k\u00f6nnen <strong>Cookies verwalten oder deaktivieren<\/strong> \u00fcber Ihre Browsereinstellungen.<\/span><\/p><p><span style=\"color: #000000;\">\ud83d\udea8 <strong>Notiz:<\/strong> Wenn Cookies deaktiviert sind, funktionieren einige Website-Funktionen m\u00f6glicherweise nicht ordnungsgem\u00e4\u00df.<\/span><\/p><hr \/><h2><span style=\"color: #000000;\"><strong>7. Links zu Drittanbietern<\/strong><\/span><\/h2><p><span style=\"color: #000000;\">Unsere Website kann Links zu Diensten Dritter enthalten, beispielsweise:<\/span><\/p><p><span style=\"color: #000000;\">\ud83d\udd39 <strong>Zahlungsabwickler<\/strong><\/span><br \/><span style=\"color: #000000;\">\ud83d\udd39 <strong>Verbundene Attraktionen und Partner-Websites<\/strong><\/span><\/p><p><span style=\"color: #000000;\">Wir sind <strong>nicht verantwortlich f\u00fcr die Datenschutzrichtlinien<\/strong> dieser externen Websites. Bitte lesen Sie deren Datenschutzrichtlinien, bevor Sie pers\u00f6nliche Informationen weitergeben.<\/span><\/p><hr \/><h2><span style=\"color: #000000;\"><strong>8. \u00c4nderungen unserer Datenschutzrichtlinie<\/strong><\/span><\/h2><p><span style=\"color: #000000;\">\ud83d\udd04 Wir k\u00f6nnen diese Datenschutzrichtlinie regelm\u00e4\u00dfig aktualisieren. <strong>\u00c4nderungen werden auf dieser Seite ver\u00f6ffentlicht<\/strong>und die <strong>Das letzte Aktualisierungsdatum wird erw\u00e4hnt<\/strong>.<\/span><\/p><p><span style=\"color: #000000;\">Wir empfehlen den Benutzern, <strong>\u00dcberpr\u00fcfen Sie diese Richtlinie regelm\u00e4\u00dfig<\/strong> um auf dem Laufenden zu bleiben.<\/span><\/p><hr \/><h2><span style=\"color: #000000;\"><strong>9. Kontaktieren Sie uns<\/strong><\/span><\/h2><p><span style=\"color: #000000;\">Bei Fragen oder Anliegen zum Datenschutz k\u00f6nnen Sie sich jederzeit an uns wenden:<\/span><\/p><p><span style=\"color: #000000;\">\ud83d\udccc <strong>Name der Firma:<\/strong> Triplyn-Ferien<\/span><br \/><span style=\"color: #000000;\">\ud83d\udccd <strong>Registrierte Adresse:<\/strong> A-54, Industriegebiet Keshopur, Vikaspuri, Neu-Delhi 110018, Indien<\/span><br \/><span style=\"color: #000000;\">\ud83d\udce9 <strong>E-Mail:<\/strong> <a style=\"color: #000000;\" href=\"mailto:contact@chaophrayaprincesscruise.com\" rel=\"noopener\">contact@chaophrayaprincesscruise.com<\/a><\/span><br \/><span style=\"color: #000000;\">\ud83c\udf10 <strong>Webseite:<\/strong> <a style=\"color: #000000;\" href=\"https:\/\/chaophrayaprincesscruise.com\/de\/\" target=\"_new\" rel=\"noopener\">https:\/\/chaophrayaprincesscruise.com\/<\/a><\/span><\/p><hr \/><h2><span style=\"color: #000000;\"><strong>10. Zustimmung<\/strong><\/span><\/h2><p><span style=\"color: #000000;\">Durch die Verwendung <strong><a style=\"color: #000000;\" href=\"https:\/\/chaophrayaprincesscruise.com\/de\/\" target=\"_new\" rel=\"noopener\">https:\/\/chaophrayaprincesscruise.com<\/a><\/strong> und indem Sie Ihre Daten angeben, stimmen Sie der <strong>Erhebung, Nutzung und Verarbeitung Ihrer Daten<\/strong> wie in dieser Datenschutzrichtlinie beschrieben.<\/span><\/p><p><span style=\"color: #000000;\">\ud83d\udeab Wenn Sie <strong>stimme nicht zu<\/strong> mit dieser Politik, bitte <strong>unsere Website nicht nutzen<\/strong> oder pers\u00f6nliche Informationen angeben.<\/span><\/p><hr \/><h2><span style=\"color: #000000;\"><strong>11. Einhaltung gesetzlicher Vorschriften<\/strong><\/span><\/h2><p><span style=\"color: #000000;\">Wir erf\u00fcllen alle geltenden <strong>Datenschutzgesetze und -vorschriften<\/strong>, einschlie\u00dflich:<\/span><\/p><p><span style=\"color: #000000;\">\u2714\ufe0f <strong>Datenschutz-Grundverordnung (DSGVO)<\/strong><\/span><br \/><span style=\"color: #000000;\">\u2714\ufe0f <strong>In unseren Betriebsregionen geltende lokale Datenschutzgesetze<\/strong><\/span><\/p><p><span style=\"color: #000000;\">Bei Streitigkeiten bez\u00fcglich <strong>Datenschutz<\/strong>, wir werden <strong>diese im Einklang mit den einschl\u00e4gigen Rechtsvorschriften anzugehen<\/strong>.<\/span><\/p><hr \/><h2><span style=\"color: #000000;\"><strong>12. Datenschutz f\u00fcr Kinder<\/strong><\/span><\/h2><p><span style=\"color: #000000;\">\ud83d\udc76 Unsere Dienstleistungen sind <strong>nicht f\u00fcr Kinder unter 13 Jahren bestimmt<\/strong>.<\/span><br \/><span style=\"color: #000000;\">\u274c Wir tun nicht <strong>wissentlich personenbezogene Daten von Minderj\u00e4hrigen sammeln<\/strong>.<\/span><\/p><p><span style=\"color: #000000;\">Wenn Sie glauben, dass ein Kind uns seine Daten zur Verf\u00fcgung gestellt hat <strong>ohne Zustimmung der Eltern<\/strong>, kontaktieren Sie uns unter <strong><a style=\"color: #000000;\" href=\"mailto:contact@chaophrayaprincesscruise.com\" rel=\"noopener\">contact@chaophrayaprincesscruise.com<\/a><\/strong>und wir werden sofort Ma\u00dfnahmen ergreifen, um <strong>Daten l\u00f6schen<\/strong>.<\/span><\/p><hr \/><h2><span style=\"color: #000000;\"><strong>13. Datenspeicherung<\/strong><\/span><\/h2><p><span style=\"color: #000000;\">Wir bewahren Ihre personenbezogenen Daten nur so lange auf, wie dies erforderlich ist f\u00fcr:<\/span><\/p><p><span style=\"color: #000000;\">\u2714\ufe0f <strong>Buchungsabwicklung<\/strong><\/span><br \/><span style=\"color: #000000;\">\u2714\ufe0f <strong>Bereitstellung von Kundensupport<\/strong><\/span><br \/><span style=\"color: #000000;\">\u2714\ufe0f <strong>Einhaltung gesetzlicher und regulatorischer Vorschriften<\/strong><\/span><\/p><p><span style=\"color: #000000;\">\ud83d\udea8 Wenn Sie eine Datenl\u00f6schung beantragen, stellen wir sicher, dass Ihre pers\u00f6nlichen Daten <strong>sicher aus unseren Systemen entfernt<\/strong>.<\/span><\/p><hr \/><h3><span style=\"color: #000000;\"><strong>\ud83d\udd39 Danke, dass Sie sich f\u00fcr die Chao Phraya Princess Cruise entschieden haben!<\/strong><\/span><\/h3><p><span style=\"color: #000000;\">Wir sind verpflichtet <strong>Schutz Ihrer Privatsph\u00e4re<\/strong> und Gew\u00e4hrleistung einer <strong>sicheres, nahtloses und angenehmes Erlebnis<\/strong> bei der Buchung Ihres <a href=\"https:\/\/chaophrayaprincesscruise.com\/de\/\"><strong>Flusskreuzfahrt auf dem Chao Phraya<\/strong><\/a> mit <strong>Triplyn-Ferien<\/strong>.<\/span><\/p>\t\t\t\t\t\t\t\t<\/div>\n\t\t\t\t<\/div>\n\t\t\t\t\t<\/div>\n\t\t<\/div>\n\t\t\t\t\t<\/div>\n\t\t<\/section>\n\t\t\t\t<\/div>","protected":false},"excerpt":{"rendered":"<p>Privacy Policy At Chao Phraya Princess Cruise, operated by Triplyn Holidays, we are committed to protecting your privacy and ensuring that your personal information remains secure. This Privacy Policy outlines how we collect, use, and safeguard your data when you visit our website https:\/\/chaophrayaprincesscruise.com. \ud83d\udea8 Please Note: We are not the official website for Chao [&hellip;]<\/p>\n","protected":false},"author":1,"featured_media":0,"parent":0,"menu_order":0,"comment_status":"closed","ping_status":"open","template":"","meta":{"ocean_post_layout":"","ocean_both_sidebars_style":"","ocean_both_sidebars_content_width":0,"ocean_both_sidebars_sidebars_width":0,"ocean_sidebar":"","ocean_second_sidebar":"","ocean_disable_margins":"enable","ocean_add_body_class":"","ocean_shortcode_before_top_bar":"","ocean_shortcode_after_top_bar":"","ocean_shortcode_before_header":"","ocean_shortcode_after_header":"","ocean_has_shortcode":"","ocean_shortcode_after_title":"","ocean_shortcode_before_footer_widgets":"","ocean_shortcode_after_footer_widgets":"","ocean_shortcode_before_footer_bottom":"","ocean_shortcode_after_footer_bottom":"","ocean_display_top_bar":"default","ocean_display_header":"default","ocean_header_style":"","ocean_center_header_left_menu":"","ocean_custom_header_template":"","ocean_custom_logo":0,"ocean_custom_retina_logo":0,"ocean_custom_logo_max_width":0,"ocean_custom_logo_tablet_max_width":0,"ocean_custom_logo_mobile_max_width":0,"ocean_custom_logo_max_height":0,"ocean_custom_logo_tablet_max_height":0,"ocean_custom_logo_mobile_max_height":0,"ocean_header_custom_menu":"","ocean_menu_typo_font_family":"","ocean_menu_typo_font_subset":"","ocean_menu_typo_font_size":0,"ocean_menu_typo_font_size_tablet":0,"ocean_menu_typo_font_size_mobile":0,"ocean_menu_typo_font_size_unit":"px","ocean_menu_typo_font_weight":"","ocean_menu_typo_font_weight_tablet":"","ocean_menu_typo_font_weight_mobile":"","ocean_menu_typo_transform":"","ocean_menu_typo_transform_tablet":"","ocean_menu_typo_transform_mobile":"","ocean_menu_typo_line_height":0,"ocean_menu_typo_line_height_tablet":0,"ocean_menu_typo_line_height_mobile":0,"ocean_menu_typo_line_height_unit":"","ocean_menu_typo_spacing":0,"ocean_menu_typo_spacing_tablet":0,"ocean_menu_typo_spacing_mobile":0,"ocean_menu_typo_spacing_unit":"","ocean_menu_link_color":"","ocean_menu_link_color_hover":"","ocean_menu_link_color_active":"","ocean_menu_link_background":"","ocean_menu_link_hover_background":"","ocean_menu_link_active_background":"","ocean_menu_social_links_bg":"","ocean_menu_social_hover_links_bg":"","ocean_menu_social_links_color":"","ocean_menu_social_hover_links_color":"","ocean_disable_title":"default","ocean_disable_heading":"default","ocean_post_title":"","ocean_post_subheading":"","ocean_post_title_style":"","ocean_post_title_background_color":"","ocean_post_title_background":0,"ocean_post_title_bg_image_position":"","ocean_post_title_bg_image_attachment":"","ocean_post_title_bg_image_repeat":"","ocean_post_title_bg_image_size":"","ocean_post_title_height":0,"ocean_post_title_bg_overlay":0.5,"ocean_post_title_bg_overlay_color":"","ocean_disable_breadcrumbs":"default","ocean_breadcrumbs_color":"","ocean_breadcrumbs_separator_color":"","ocean_breadcrumbs_links_color":"","ocean_breadcrumbs_links_hover_color":"","ocean_display_footer_widgets":"default","ocean_display_footer_bottom":"default","ocean_custom_footer_template":"","footnotes":""},"class_list":["post-3","page","type-page","status-publish","hentry","entry","owp-thumbs-layout-horizontal","owp-btn-normal","owp-tabs-layout-horizontal","has-no-thumbnails","has-product-nav"],"yoast_head":"<!-- This site is optimized with the Yoast SEO plugin v27.4 - https:\/\/yoast.com\/product\/yoast-seo-wordpress\/ -->\n<title>Privacy Policy | Chao Phraya Princess Cruise Tickets<\/title>\n<meta name=\"description\" content=\"Explore Chao Phraya Princess Cruise With Confidence! Read Our Privacy Policy To Learn To Protect Your Data For A Secure Booking Experience.\" \/>\n<meta name=\"robots\" content=\"noindex, follow\" \/>\n<meta property=\"og:locale\" content=\"de_DE\" \/>\n<meta property=\"og:type\" content=\"article\" \/>\n<meta property=\"og:title\" content=\"Privacy Policy | Chao Phraya Princess Cruise Tickets\" \/>\n<meta property=\"og:description\" content=\"Explore Chao Phraya Princess Cruise With Confidence! Read Our Privacy Policy To Learn To Protect Your Data For A Secure Booking Experience.\" \/>\n<meta property=\"og:url\" content=\"https:\/\/chaophrayaprincesscruise.com\/de\/datenschutzrichtlinie\/\" \/>\n<meta property=\"og:site_name\" content=\"Chao Phraya Princess Cruise\" \/>\n<meta property=\"article:modified_time\" content=\"2025-02-06T10:53:28+00:00\" \/>\n<meta name=\"twitter:card\" content=\"summary_large_image\" \/>\n<meta name=\"twitter:label1\" content=\"Gesch\u00e4tzte Lesezeit\" \/>\n\t<meta name=\"twitter:data1\" content=\"4\u00a0Minuten\" \/>\n<script type=\"application\/ld+json\" class=\"yoast-schema-graph\">{\"@context\":\"https:\\\/\\\/schema.org\",\"@graph\":[{\"@type\":\"WebPage\",\"@id\":\"https:\\\/\\\/chaophrayaprincesscruise.com\\\/privacy-policy\\\/\",\"url\":\"https:\\\/\\\/chaophrayaprincesscruise.com\\\/privacy-policy\\\/\",\"name\":\"Privacy Policy | Chao Phraya Princess Cruise Tickets\",\"isPartOf\":{\"@id\":\"https:\\\/\\\/chaophrayaprincesscruise.com\\\/#website\"},\"datePublished\":\"2024-08-27T12:39:40+00:00\",\"dateModified\":\"2025-02-06T10:53:28+00:00\",\"description\":\"Explore Chao Phraya Princess Cruise With Confidence! Read Our Privacy Policy To Learn To Protect Your Data For A Secure Booking Experience.\",\"breadcrumb\":{\"@id\":\"https:\\\/\\\/chaophrayaprincesscruise.com\\\/privacy-policy\\\/#breadcrumb\"},\"inLanguage\":\"de\",\"potentialAction\":[{\"@type\":\"ReadAction\",\"target\":[\"https:\\\/\\\/chaophrayaprincesscruise.com\\\/privacy-policy\\\/\"]}]},{\"@type\":\"BreadcrumbList\",\"@id\":\"https:\\\/\\\/chaophrayaprincesscruise.com\\\/privacy-policy\\\/#breadcrumb\",\"itemListElement\":[{\"@type\":\"ListItem\",\"position\":1,\"name\":\"Home\",\"item\":\"https:\\\/\\\/chaophrayaprincesscruise.com\\\/\"},{\"@type\":\"ListItem\",\"position\":2,\"name\":\"Privacy Policy\"}]},{\"@type\":\"WebSite\",\"@id\":\"https:\\\/\\\/chaophrayaprincesscruise.com\\\/#website\",\"url\":\"https:\\\/\\\/chaophrayaprincesscruise.com\\\/\",\"name\":\"Chao Phraya Princess Cruise\",\"description\":\"\",\"publisher\":{\"@id\":\"https:\\\/\\\/chaophrayaprincesscruise.com\\\/#organization\"},\"potentialAction\":[{\"@type\":\"SearchAction\",\"target\":{\"@type\":\"EntryPoint\",\"urlTemplate\":\"https:\\\/\\\/chaophrayaprincesscruise.com\\\/?s={search_term_string}\"},\"query-input\":{\"@type\":\"PropertyValueSpecification\",\"valueRequired\":true,\"valueName\":\"search_term_string\"}}],\"inLanguage\":\"de\"},{\"@type\":\"Organization\",\"@id\":\"https:\\\/\\\/chaophrayaprincesscruise.com\\\/#organization\",\"name\":\"Chao Phraya Princess Cruise\",\"url\":\"https:\\\/\\\/chaophrayaprincesscruise.com\\\/\",\"logo\":{\"@type\":\"ImageObject\",\"inLanguage\":\"de\",\"@id\":\"https:\\\/\\\/chaophrayaprincesscruise.com\\\/#\\\/schema\\\/logo\\\/image\\\/\",\"url\":\"https:\\\/\\\/chaophrayaprincesscruise.com\\\/wp-content\\\/uploads\\\/2024\\\/08\\\/Chao-Phraya-Princess.png\",\"contentUrl\":\"https:\\\/\\\/chaophrayaprincesscruise.com\\\/wp-content\\\/uploads\\\/2024\\\/08\\\/Chao-Phraya-Princess.png\",\"width\":350,\"height\":100,\"caption\":\"Chao Phraya Princess Cruise\"},\"image\":{\"@id\":\"https:\\\/\\\/chaophrayaprincesscruise.com\\\/#\\\/schema\\\/logo\\\/image\\\/\"}}]}<\/script>\n<!-- \/ Yoast SEO plugin. -->","yoast_head_json":{"title":"Datenschutzrichtlinie | Chao Phraya Princess Kreuzfahrttickets","description":"Entdecken Sie die Chao Phraya Princess Cruise mit Zuversicht! Lesen Sie unsere Datenschutzrichtlinie, um zu erfahren, wie Sie Ihre Daten f\u00fcr ein sicheres Buchungserlebnis sch\u00fctzen k\u00f6nnen.","robots":{"index":"noindex","follow":"follow"},"og_locale":"de_DE","og_type":"article","og_title":"Privacy Policy | Chao Phraya Princess Cruise Tickets","og_description":"Explore Chao Phraya Princess Cruise With Confidence! Read Our Privacy Policy To Learn To Protect Your Data For A Secure Booking Experience.","og_url":"https:\/\/chaophrayaprincesscruise.com\/de\/datenschutzrichtlinie\/","og_site_name":"Chao Phraya Princess Cruise","article_modified_time":"2025-02-06T10:53:28+00:00","twitter_card":"summary_large_image","twitter_misc":{"Gesch\u00e4tzte Lesezeit":"4\u00a0Minuten"},"schema":{"@context":"https:\/\/schema.org","@graph":[{"@type":"WebPage","@id":"https:\/\/chaophrayaprincesscruise.com\/privacy-policy\/","url":"https:\/\/chaophrayaprincesscruise.com\/privacy-policy\/","name":"Datenschutzrichtlinie | Chao Phraya Princess Kreuzfahrttickets","isPartOf":{"@id":"https:\/\/chaophrayaprincesscruise.com\/#website"},"datePublished":"2024-08-27T12:39:40+00:00","dateModified":"2025-02-06T10:53:28+00:00","description":"Entdecken Sie die Chao Phraya Princess Cruise mit Zuversicht! Lesen Sie unsere Datenschutzrichtlinie, um zu erfahren, wie Sie Ihre Daten f\u00fcr ein sicheres Buchungserlebnis sch\u00fctzen k\u00f6nnen.","breadcrumb":{"@id":"https:\/\/chaophrayaprincesscruise.com\/privacy-policy\/#breadcrumb"},"inLanguage":"de","potentialAction":[{"@type":"ReadAction","target":["https:\/\/chaophrayaprincesscruise.com\/privacy-policy\/"]}]},{"@type":"BreadcrumbList","@id":"https:\/\/chaophrayaprincesscruise.com\/privacy-policy\/#breadcrumb","itemListElement":[{"@type":"ListItem","position":1,"name":"Home","item":"https:\/\/chaophrayaprincesscruise.com\/"},{"@type":"ListItem","position":2,"name":"Privacy Policy"}]},{"@type":"WebSite","@id":"https:\/\/chaophrayaprincesscruise.com\/#website","url":"https:\/\/chaophrayaprincesscruise.com\/","name":"Chao Phraya Princess-Kreuzfahrt","description":"","publisher":{"@id":"https:\/\/chaophrayaprincesscruise.com\/#organization"},"potentialAction":[{"@type":"SearchAction","target":{"@type":"EntryPoint","urlTemplate":"https:\/\/chaophrayaprincesscruise.com\/?s={search_term_string}"},"query-input":{"@type":"PropertyValueSpecification","valueRequired":true,"valueName":"search_term_string"}}],"inLanguage":"de"},{"@type":"Organization","@id":"https:\/\/chaophrayaprincesscruise.com\/#organization","name":"Chao Phraya Princess-Kreuzfahrt","url":"https:\/\/chaophrayaprincesscruise.com\/","logo":{"@type":"ImageObject","inLanguage":"de","@id":"https:\/\/chaophrayaprincesscruise.com\/#\/schema\/logo\/image\/","url":"https:\/\/chaophrayaprincesscruise.com\/wp-content\/uploads\/2024\/08\/Chao-Phraya-Princess.png","contentUrl":"https:\/\/chaophrayaprincesscruise.com\/wp-content\/uploads\/2024\/08\/Chao-Phraya-Princess.png","width":350,"height":100,"caption":"Chao Phraya Princess Cruise"},"image":{"@id":"https:\/\/chaophrayaprincesscruise.com\/#\/schema\/logo\/image\/"}}]}},"jetpack_sharing_enabled":true,"_links":{"self":[{"href":"https:\/\/chaophrayaprincesscruise.com\/de\/wp-json\/wp\/v2\/pages\/3","targetHints":{"allow":["GET"]}}],"collection":[{"href":"https:\/\/chaophrayaprincesscruise.com\/de\/wp-json\/wp\/v2\/pages"}],"about":[{"href":"https:\/\/chaophrayaprincesscruise.com\/de\/wp-json\/wp\/v2\/types\/page"}],"author":[{"embeddable":true,"href":"https:\/\/chaophrayaprincesscruise.com\/de\/wp-json\/wp\/v2\/users\/1"}],"replies":[{"embeddable":true,"href":"https:\/\/chaophrayaprincesscruise.com\/de\/wp-json\/wp\/v2\/comments?post=3"}],"version-history":[{"count":15,"href":"https:\/\/chaophrayaprincesscruise.com\/de\/wp-json\/wp\/v2\/pages\/3\/revisions"}],"predecessor-version":[{"id":2009,"href":"https:\/\/chaophrayaprincesscruise.com\/de\/wp-json\/wp\/v2\/pages\/3\/revisions\/2009"}],"wp:attachment":[{"href":"https:\/\/chaophrayaprincesscruise.com\/de\/wp-json\/wp\/v2\/media?parent=3"}],"curies":[{"name":"wp","href":"https:\/\/api.w.org\/{rel}","templated":true}]}}