{"id":1306,"date":"2024-10-23T12:40:27","date_gmt":"2024-10-23T07:10:27","guid":{"rendered":"https:\/\/chaophrayaprincesscruise.com\/?page_id=1306"},"modified":"2025-02-06T16:20:02","modified_gmt":"2025-02-06T10:50:02","slug":"contact-us","status":"publish","type":"page","link":"https:\/\/chaophrayaprincesscruise.com\/es\/contactenos\/","title":{"rendered":"Cont\u00e1ctenos"},"content":{"rendered":"<div data-elementor-type=\"wp-page\" data-elementor-id=\"1306\" class=\"elementor elementor-1306\" data-elementor-post-type=\"page\">\n\t\t\t\t\t\t<section data-particle_enable=\"false\" data-particle-mobile-disabled=\"false\" class=\"elementor-section elementor-top-section elementor-element elementor-element-2c10db5 elementor-section-boxed elementor-section-height-default elementor-section-height-default\" data-id=\"2c10db5\" data-element_type=\"section\" data-e-type=\"section\">\n\t\t\t\t\t\t<div class=\"elementor-container elementor-column-gap-default\">\n\t\t\t\t\t<div class=\"elementor-column elementor-col-100 elementor-top-column elementor-element elementor-element-eef4b82\" data-id=\"eef4b82\" data-element_type=\"column\" data-e-type=\"column\">\n\t\t\t<div class=\"elementor-widget-wrap elementor-element-populated\">\n\t\t\t\t\t\t<div class=\"elementor-element elementor-element-6c3c170 elementor-widget elementor-widget-text-editor\" data-id=\"6c3c170\" data-element_type=\"widget\" data-e-type=\"widget\" data-widget_type=\"text-editor.default\">\n\t\t\t\t<div class=\"elementor-widget-container\">\n\t\t\t\t\t\t\t\t\t<h1 style=\"text-align: center;\"><span style=\"color: #000000;\"><strong>Cont\u00e1ctenos<\/strong><\/span><\/h1><p><span style=\"color: #000000;\">En <a style=\"color: #000000;\" href=\"https:\/\/chaophrayaprincesscruise.com\/es\/\"><strong>Crucero Princesa Chao Phraya<\/strong><\/a>, operado por <strong>Vacaciones en Triplyn<\/strong>Nos especializamos en <strong>Servicios de reserva de billetes sin complicaciones<\/strong> Para un <strong>Experiencia gastron\u00f3mica de lujo<\/strong> en el <strong>R\u00edo Chao Phraya<\/strong>. Ya sea que necesite ayuda con su <strong>reserva de crucero<\/strong>, tiene preguntas sobre <strong>Opciones de restauraci\u00f3n, lugares de salida o asistencia en el viaje.<\/strong>\u00a1Nuestro equipo est\u00e1 aqu\u00ed para ayudar!<\/span><\/p><p><span style=\"color: #000000;\">\ud83d\udea8 <strong>Tenga en cuenta:<\/strong> Somos <strong>No es el sitio web oficial de Chao Phraya Princess Cruise<\/strong>Proporcionamos una <strong>Plataforma confiable para reservar boletos de crucero<\/strong> para garantizar que disfrutes de una <strong>Experiencia de reserva fluida y sin inconvenientes<\/strong>.<\/span><\/p><hr \/><h2><span style=\"color: #000000;\"><strong>\ud83d\udce7 C\u00f3mo llegar a nosotros<\/strong><\/span><\/h2><h3><span style=\"color: #000000;\"><strong>\ud83d\udce9 Soporte por correo electr\u00f3nico<\/strong><\/span><\/h3><p><span style=\"color: #000000;\">Para cualquier <strong>consultas o asistencia<\/strong>, no dude en contactarnos por correo electr\u00f3nico y nuestro equipo le responder\u00e1 a la brevedad.<\/span><\/p><p><span style=\"color: #000000;\">\ud83d\udce7 <strong>Correo electr\u00f3nico:<\/strong> <a style=\"color: #000000;\" href=\"mailto:contact@chaophrayaprincesscruise.com\" rel=\"noopener\">contact@chaophrayaprincesscruise.com<\/a><\/span><\/p><hr \/><h3><span style=\"color: #000000;\"><strong>\ud83d\udcac Chat en vivo<\/strong><\/span><\/h3><p><span style=\"color: #000000;\">\u00bfNecesitas ayuda inmediata? Nuestro <strong>funci\u00f3n de chat en vivo<\/strong> est\u00e1 disponible en nuestro sitio web para proporcionar <strong>asistencia en tiempo real<\/strong> Para cualquier consulta sobre su <strong>Reserva del crucero Chao Phraya Princess<\/strong>.<\/span><\/p><p><span style=\"color: #000000;\">\ud83c\udf10 <strong>Visita:<\/strong> <a style=\"color: #000000;\" href=\"https:\/\/chaophrayaprincesscruise.com\/es\/\" target=\"_new\" rel=\"noopener\">https:\/\/chaophrayaprincesscruise.com\/<\/a> y <strong>\u00a1Chatea con nosotros ahora!<\/strong><\/span><\/p><hr \/><h3><span style=\"color: #000000;\"><strong>\ud83d\udd52 Horario de atenci\u00f3n al cliente<\/strong><\/span><\/h3><p><span style=\"color: #000000;\">Nuestro equipo de soporte dedicado est\u00e1 disponible para <strong>Te ayudamos 24 horas al d\u00eda, 7 d\u00edas a la semana<\/strong>, garantizando una experiencia de reserva fluida y placentera en cualquier momento.<\/span><\/p><p><span style=\"color: #000000;\">\ud83d\udcde <strong>Asistencia al cliente 24 horas al d\u00eda, 7 d\u00edas a la semana<\/strong> \u2013 Estamos aqu\u00ed para ayudarte con <strong>Cualquier pregunta antes, durante o despu\u00e9s de su reserva<\/strong>.<\/span><\/p><hr \/><h2><span style=\"color: #000000;\"><strong>\ud83c\udf1f\u00bfPor qu\u00e9 reservar con Triplyn Holidays?<\/strong><\/span><\/h2><p><span style=\"color: #000000;\">En <strong>Vacaciones en Triplyn<\/strong>Estamos comprometidos a entregar <strong>Servicio al cliente excepcional<\/strong> Para hacer tu <strong>Experiencia en crucero Chao Phraya Princess<\/strong> Sin estr\u00e9s y agradable.<\/span><\/p><p><span style=\"color: #000000;\">\u2705 <strong>Reserva de billetes r\u00e1pida y segura<\/strong> \u2013 Confirmaci\u00f3n instant\u00e1nea con un proceso de reserva sin problemas.<\/span><br \/><span style=\"color: #000000;\">\u2705 <strong>Asistencia al cliente confiable<\/strong> \u2013 Asistencia amable antes, durante y despu\u00e9s de su reserva.<\/span><br \/><span style=\"color: #000000;\">\u2705 <strong>Los mejores precios y ofertas exclusivas<\/strong> \u2013 Consigue las mejores ofertas en <strong>Cruceros con cena y puesta de sol en el Chao Phraya Princess<\/strong>.<\/span><\/p><p><span style=\"color: #000000;\">\ud83d\udccd <strong>Sitio web:<\/strong> <a style=\"color: #000000;\" href=\"https:\/\/chaophrayaprincesscruise.com\/es\/\" target=\"_new\" rel=\"noopener\">https:\/\/chaophrayaprincesscruise.com\/<\/a><\/span><br \/><span style=\"color: #000000;\">\ud83d\udce9 <strong>Correo electr\u00f3nico:<\/strong> <a style=\"color: #000000;\" href=\"mailto:contact@chaophrayaprincesscruise.com\" rel=\"noopener\">contact@chaophrayaprincesscruise.com<\/a><\/span><\/p><hr \/><h2><span style=\"color: #000000;\"><strong>\u00a1Planifica tu crucero perfecto por el r\u00edo Chao Phraya!<\/strong><\/span><\/h2><p><span style=\"color: #000000;\">D\u00e9janos ayudarte <strong>Reserve su crucero con cena de lujo, crucero al atardecer o evento especial en el r\u00edo Chao Phraya<\/strong>Esperamos poder ayudarle y hacer su <strong><a style=\"color: #000000;\" href=\"https:\/\/chaophrayaprincesscruise.com\/es\/\">Princesa Chao Phraya<\/a> \u00a1Una experiencia de crucero inolvidable!<\/strong><\/span><\/p>\t\t\t\t\t\t\t\t<\/div>\n\t\t\t\t<\/div>\n\t\t\t\t\t<\/div>\n\t\t<\/div>\n\t\t\t\t\t<\/div>\n\t\t<\/section>\n\t\t\t\t<\/div>","protected":false},"excerpt":{"rendered":"<p>Contact Us At Chao Phraya Princess Cruise, operated by Triplyn Holidays, we specialize in hassle-free ticket booking services for a luxurious dining experience on the Chao Phraya River. Whether you need assistance with your cruise reservation, have inquiries about dining options, departure locations, or travel support, our team is here to help! \ud83d\udea8 Please Note: [&hellip;]<\/p>\n","protected":false},"author":1,"featured_media":0,"parent":0,"menu_order":0,"comment_status":"closed","ping_status":"open","template":"","meta":{"ocean_post_layout":"","ocean_both_sidebars_style":"","ocean_both_sidebars_content_width":0,"ocean_both_sidebars_sidebars_width":0,"ocean_sidebar":"","ocean_second_sidebar":"","ocean_disable_margins":"enable","ocean_add_body_class":"","ocean_shortcode_before_top_bar":"","ocean_shortcode_after_top_bar":"","ocean_shortcode_before_header":"","ocean_shortcode_after_header":"","ocean_has_shortcode":"","ocean_shortcode_after_title":"","ocean_shortcode_before_footer_widgets":"","ocean_shortcode_after_footer_widgets":"","ocean_shortcode_before_footer_bottom":"","ocean_shortcode_after_footer_bottom":"","ocean_display_top_bar":"default","ocean_display_header":"default","ocean_header_style":"","ocean_center_header_left_menu":"","ocean_custom_header_template":"","ocean_custom_logo":0,"ocean_custom_retina_logo":0,"ocean_custom_logo_max_width":0,"ocean_custom_logo_tablet_max_width":0,"ocean_custom_logo_mobile_max_width":0,"ocean_custom_logo_max_height":0,"ocean_custom_logo_tablet_max_height":0,"ocean_custom_logo_mobile_max_height":0,"ocean_header_custom_menu":"","ocean_menu_typo_font_family":"","ocean_menu_typo_font_subset":"","ocean_menu_typo_font_size":0,"ocean_menu_typo_font_size_tablet":0,"ocean_menu_typo_font_size_mobile":0,"ocean_menu_typo_font_size_unit":"px","ocean_menu_typo_font_weight":"","ocean_menu_typo_font_weight_tablet":"","ocean_menu_typo_font_weight_mobile":"","ocean_menu_typo_transform":"","ocean_menu_typo_transform_tablet":"","ocean_menu_typo_transform_mobile":"","ocean_menu_typo_line_height":0,"ocean_menu_typo_line_height_tablet":0,"ocean_menu_typo_line_height_mobile":0,"ocean_menu_typo_line_height_unit":"","ocean_menu_typo_spacing":0,"ocean_menu_typo_spacing_tablet":0,"ocean_menu_typo_spacing_mobile":0,"ocean_menu_typo_spacing_unit":"","ocean_menu_link_color":"","ocean_menu_link_color_hover":"","ocean_menu_link_color_active":"","ocean_menu_link_background":"","ocean_menu_link_hover_background":"","ocean_menu_link_active_background":"","ocean_menu_social_links_bg":"","ocean_menu_social_hover_links_bg":"","ocean_menu_social_links_color":"","ocean_menu_social_hover_links_color":"","ocean_disable_title":"default","ocean_disable_heading":"default","ocean_post_title":"","ocean_post_subheading":"","ocean_post_title_style":"","ocean_post_title_background_color":"","ocean_post_title_background":0,"ocean_post_title_bg_image_position":"","ocean_post_title_bg_image_attachment":"","ocean_post_title_bg_image_repeat":"","ocean_post_title_bg_image_size":"","ocean_post_title_height":0,"ocean_post_title_bg_overlay":0.5,"ocean_post_title_bg_overlay_color":"","ocean_disable_breadcrumbs":"default","ocean_breadcrumbs_color":"","ocean_breadcrumbs_separator_color":"","ocean_breadcrumbs_links_color":"","ocean_breadcrumbs_links_hover_color":"","ocean_display_footer_widgets":"default","ocean_display_footer_bottom":"default","ocean_custom_footer_template":"","footnotes":""},"class_list":["post-1306","page","type-page","status-publish","hentry","entry","owp-thumbs-layout-horizontal","owp-btn-normal","owp-tabs-layout-horizontal","has-no-thumbnails","has-product-nav"],"yoast_head":"<!-- This site is optimized with the Yoast SEO plugin v27.4 - https:\/\/yoast.com\/product\/yoast-seo-wordpress\/ -->\n<title>Contact Triplyn Holidays \u2013 24x7 Support For Ticket Inquiries<\/title>\n<meta name=\"description\" content=\"Reach Out To Triplyn Holidays For Ticket Bookings Or Customer Service. Available Via WhatsApp &amp; Live Chat For A Seamless Experience!\" \/>\n<meta name=\"robots\" content=\"noindex, follow\" \/>\n<meta property=\"og:locale\" content=\"es_ES\" \/>\n<meta property=\"og:type\" content=\"article\" \/>\n<meta property=\"og:title\" content=\"Contact Triplyn Holidays \u2013 24x7 Support For Ticket Inquiries\" \/>\n<meta property=\"og:description\" content=\"Reach Out To Triplyn Holidays For Ticket Bookings Or Customer Service. Available Via WhatsApp &amp; Live Chat For A Seamless Experience!\" \/>\n<meta property=\"og:url\" content=\"https:\/\/chaophrayaprincesscruise.com\/es\/contactenos\/\" \/>\n<meta property=\"og:site_name\" content=\"Chao Phraya Princess Cruise\" \/>\n<meta property=\"article:modified_time\" content=\"2025-02-06T10:50:02+00:00\" \/>\n<meta name=\"twitter:card\" content=\"summary_large_image\" \/>\n<meta name=\"twitter:label1\" content=\"Tiempo de lectura\" \/>\n\t<meta name=\"twitter:data1\" content=\"2 minutos\" \/>\n<script type=\"application\/ld+json\" class=\"yoast-schema-graph\">{\"@context\":\"https:\\\/\\\/schema.org\",\"@graph\":[{\"@type\":\"WebPage\",\"@id\":\"https:\\\/\\\/chaophrayaprincesscruise.com\\\/contact-us\\\/\",\"url\":\"https:\\\/\\\/chaophrayaprincesscruise.com\\\/contact-us\\\/\",\"name\":\"Contact Triplyn Holidays \u2013 24x7 Support For Ticket Inquiries\",\"isPartOf\":{\"@id\":\"https:\\\/\\\/chaophrayaprincesscruise.com\\\/#website\"},\"datePublished\":\"2024-10-23T07:10:27+00:00\",\"dateModified\":\"2025-02-06T10:50:02+00:00\",\"description\":\"Reach Out To Triplyn Holidays For Ticket Bookings Or Customer Service. Available Via WhatsApp & Live Chat For A Seamless Experience!\",\"breadcrumb\":{\"@id\":\"https:\\\/\\\/chaophrayaprincesscruise.com\\\/contact-us\\\/#breadcrumb\"},\"inLanguage\":\"es\",\"potentialAction\":[{\"@type\":\"ReadAction\",\"target\":[\"https:\\\/\\\/chaophrayaprincesscruise.com\\\/contact-us\\\/\"]}]},{\"@type\":\"BreadcrumbList\",\"@id\":\"https:\\\/\\\/chaophrayaprincesscruise.com\\\/contact-us\\\/#breadcrumb\",\"itemListElement\":[{\"@type\":\"ListItem\",\"position\":1,\"name\":\"Home\",\"item\":\"https:\\\/\\\/chaophrayaprincesscruise.com\\\/\"},{\"@type\":\"ListItem\",\"position\":2,\"name\":\"Contact Us\"}]},{\"@type\":\"WebSite\",\"@id\":\"https:\\\/\\\/chaophrayaprincesscruise.com\\\/#website\",\"url\":\"https:\\\/\\\/chaophrayaprincesscruise.com\\\/\",\"name\":\"Chao Phraya Princess Cruise\",\"description\":\"\",\"publisher\":{\"@id\":\"https:\\\/\\\/chaophrayaprincesscruise.com\\\/#organization\"},\"potentialAction\":[{\"@type\":\"SearchAction\",\"target\":{\"@type\":\"EntryPoint\",\"urlTemplate\":\"https:\\\/\\\/chaophrayaprincesscruise.com\\\/?s={search_term_string}\"},\"query-input\":{\"@type\":\"PropertyValueSpecification\",\"valueRequired\":true,\"valueName\":\"search_term_string\"}}],\"inLanguage\":\"es\"},{\"@type\":\"Organization\",\"@id\":\"https:\\\/\\\/chaophrayaprincesscruise.com\\\/#organization\",\"name\":\"Chao Phraya Princess Cruise\",\"url\":\"https:\\\/\\\/chaophrayaprincesscruise.com\\\/\",\"logo\":{\"@type\":\"ImageObject\",\"inLanguage\":\"es\",\"@id\":\"https:\\\/\\\/chaophrayaprincesscruise.com\\\/#\\\/schema\\\/logo\\\/image\\\/\",\"url\":\"https:\\\/\\\/chaophrayaprincesscruise.com\\\/wp-content\\\/uploads\\\/2024\\\/08\\\/Chao-Phraya-Princess.png\",\"contentUrl\":\"https:\\\/\\\/chaophrayaprincesscruise.com\\\/wp-content\\\/uploads\\\/2024\\\/08\\\/Chao-Phraya-Princess.png\",\"width\":350,\"height\":100,\"caption\":\"Chao Phraya Princess Cruise\"},\"image\":{\"@id\":\"https:\\\/\\\/chaophrayaprincesscruise.com\\\/#\\\/schema\\\/logo\\\/image\\\/\"}}]}<\/script>\n<!-- \/ Yoast SEO plugin. -->","yoast_head_json":{"title":"Comun\u00edquese con Triplyn Holidays: asistencia las 24 horas, los 7 d\u00edas de la semana para consultas sobre entradas","description":"Comun\u00edquese con Triplyn Holidays para reservar boletos o solicitar servicio de atenci\u00f3n al cliente. Disponible a trav\u00e9s de WhatsApp y chat en vivo para una experiencia perfecta.","robots":{"index":"noindex","follow":"follow"},"og_locale":"es_ES","og_type":"article","og_title":"Contact Triplyn Holidays \u2013 24x7 Support For Ticket Inquiries","og_description":"Reach Out To Triplyn Holidays For Ticket Bookings Or Customer Service. Available Via WhatsApp & Live Chat For A Seamless Experience!","og_url":"https:\/\/chaophrayaprincesscruise.com\/es\/contactenos\/","og_site_name":"Chao Phraya Princess Cruise","article_modified_time":"2025-02-06T10:50:02+00:00","twitter_card":"summary_large_image","twitter_misc":{"Tiempo de lectura":"2 minutos"},"schema":{"@context":"https:\/\/schema.org","@graph":[{"@type":"WebPage","@id":"https:\/\/chaophrayaprincesscruise.com\/contact-us\/","url":"https:\/\/chaophrayaprincesscruise.com\/contact-us\/","name":"Comun\u00edquese con Triplyn Holidays: asistencia las 24 horas, los 7 d\u00edas de la semana para consultas sobre entradas","isPartOf":{"@id":"https:\/\/chaophrayaprincesscruise.com\/#website"},"datePublished":"2024-10-23T07:10:27+00:00","dateModified":"2025-02-06T10:50:02+00:00","description":"Comun\u00edquese con Triplyn Holidays para reservar boletos o solicitar servicio de atenci\u00f3n al cliente. Disponible a trav\u00e9s de WhatsApp y chat en vivo para una experiencia perfecta.","breadcrumb":{"@id":"https:\/\/chaophrayaprincesscruise.com\/contact-us\/#breadcrumb"},"inLanguage":"es","potentialAction":[{"@type":"ReadAction","target":["https:\/\/chaophrayaprincesscruise.com\/contact-us\/"]}]},{"@type":"BreadcrumbList","@id":"https:\/\/chaophrayaprincesscruise.com\/contact-us\/#breadcrumb","itemListElement":[{"@type":"ListItem","position":1,"name":"Home","item":"https:\/\/chaophrayaprincesscruise.com\/"},{"@type":"ListItem","position":2,"name":"Contact Us"}]},{"@type":"WebSite","@id":"https:\/\/chaophrayaprincesscruise.com\/#website","url":"https:\/\/chaophrayaprincesscruise.com\/","name":"Crucero Princesa Chao Phraya","description":"","publisher":{"@id":"https:\/\/chaophrayaprincesscruise.com\/#organization"},"potentialAction":[{"@type":"SearchAction","target":{"@type":"EntryPoint","urlTemplate":"https:\/\/chaophrayaprincesscruise.com\/?s={search_term_string}"},"query-input":{"@type":"PropertyValueSpecification","valueRequired":true,"valueName":"search_term_string"}}],"inLanguage":"es"},{"@type":"Organization","@id":"https:\/\/chaophrayaprincesscruise.com\/#organization","name":"Crucero Princesa Chao Phraya","url":"https:\/\/chaophrayaprincesscruise.com\/","logo":{"@type":"ImageObject","inLanguage":"es","@id":"https:\/\/chaophrayaprincesscruise.com\/#\/schema\/logo\/image\/","url":"https:\/\/chaophrayaprincesscruise.com\/wp-content\/uploads\/2024\/08\/Chao-Phraya-Princess.png","contentUrl":"https:\/\/chaophrayaprincesscruise.com\/wp-content\/uploads\/2024\/08\/Chao-Phraya-Princess.png","width":350,"height":100,"caption":"Chao Phraya Princess Cruise"},"image":{"@id":"https:\/\/chaophrayaprincesscruise.com\/#\/schema\/logo\/image\/"}}]}},"jetpack_sharing_enabled":true,"_links":{"self":[{"href":"https:\/\/chaophrayaprincesscruise.com\/es\/wp-json\/wp\/v2\/pages\/1306","targetHints":{"allow":["GET"]}}],"collection":[{"href":"https:\/\/chaophrayaprincesscruise.com\/es\/wp-json\/wp\/v2\/pages"}],"about":[{"href":"https:\/\/chaophrayaprincesscruise.com\/es\/wp-json\/wp\/v2\/types\/page"}],"author":[{"embeddable":true,"href":"https:\/\/chaophrayaprincesscruise.com\/es\/wp-json\/wp\/v2\/users\/1"}],"replies":[{"embeddable":true,"href":"https:\/\/chaophrayaprincesscruise.com\/es\/wp-json\/wp\/v2\/comments?post=1306"}],"version-history":[{"count":13,"href":"https:\/\/chaophrayaprincesscruise.com\/es\/wp-json\/wp\/v2\/pages\/1306\/revisions"}],"predecessor-version":[{"id":2005,"href":"https:\/\/chaophrayaprincesscruise.com\/es\/wp-json\/wp\/v2\/pages\/1306\/revisions\/2005"}],"wp:attachment":[{"href":"https:\/\/chaophrayaprincesscruise.com\/es\/wp-json\/wp\/v2\/media?parent=1306"}],"curies":[{"name":"wp","href":"https:\/\/api.w.org\/{rel}","templated":true}]}}