{"id":1306,"date":"2024-10-23T12:40:27","date_gmt":"2024-10-23T07:10:27","guid":{"rendered":"https:\/\/chaophrayaprincesscruise.com\/?page_id=1306"},"modified":"2025-02-06T16:20:02","modified_gmt":"2025-02-06T10:50:02","slug":"contact-us","status":"publish","type":"page","link":"https:\/\/chaophrayaprincesscruise.com\/pt\/contate-nos\/","title":{"rendered":"Contate-nos"},"content":{"rendered":"<div data-elementor-type=\"wp-page\" data-elementor-id=\"1306\" class=\"elementor elementor-1306\" data-elementor-post-type=\"page\">\n\t\t\t\t\t\t<section data-particle_enable=\"false\" data-particle-mobile-disabled=\"false\" class=\"elementor-section elementor-top-section elementor-element elementor-element-2c10db5 elementor-section-boxed elementor-section-height-default elementor-section-height-default\" data-id=\"2c10db5\" data-element_type=\"section\" data-e-type=\"section\">\n\t\t\t\t\t\t<div class=\"elementor-container elementor-column-gap-default\">\n\t\t\t\t\t<div class=\"elementor-column elementor-col-100 elementor-top-column elementor-element elementor-element-eef4b82\" data-id=\"eef4b82\" data-element_type=\"column\" data-e-type=\"column\">\n\t\t\t<div class=\"elementor-widget-wrap elementor-element-populated\">\n\t\t\t\t\t\t<div class=\"elementor-element elementor-element-6c3c170 elementor-widget elementor-widget-text-editor\" data-id=\"6c3c170\" data-element_type=\"widget\" data-e-type=\"widget\" data-widget_type=\"text-editor.default\">\n\t\t\t\t<div class=\"elementor-widget-container\">\n\t\t\t\t\t\t\t\t\t<h1 style=\"text-align: center;\"><span style=\"color: #000000;\"><strong>Contate-nos<\/strong><\/span><\/h1><p><span style=\"color: #000000;\">No <a style=\"color: #000000;\" href=\"https:\/\/chaophrayaprincesscruise.com\/pt\/\"><strong>Cruzeiro Princesa Chao Phraya<\/strong><\/a>, operado por <strong>F\u00e9rias Triplyn<\/strong>, somos especializados em <strong>servi\u00e7os de reserva de bilhetes sem complica\u00e7\u00f5es<\/strong> para um <strong>experi\u00eancia gastron\u00f4mica luxuosa<\/strong> no <strong>Rio Chao Phraya<\/strong>. Se voc\u00ea precisa de ajuda com seu <strong>reserva de cruzeiro<\/strong>, tem d\u00favidas sobre <strong>op\u00e7\u00f5es de refei\u00e7\u00f5es, locais de partida ou suporte de viagem<\/strong>, nossa equipe est\u00e1 aqui para ajudar!<\/span><\/p><p><span style=\"color: #000000;\">\ud83d\udea8 <strong>Observe:<\/strong> N\u00f3s somos <strong>n\u00e3o \u00e9 o site oficial do Chao Phraya Princess Cruise<\/strong>N\u00f3s fornecemos um <strong>plataforma confi\u00e1vel para reserva de passagens de cruzeiro<\/strong> para garantir que voc\u00ea aproveite um <strong>experi\u00eancia de reserva tranquila e perfeita<\/strong>.<\/span><\/p><hr \/><h2><span style=\"color: #000000;\"><strong>\ud83d\udce7 Como nos contactar<\/strong><\/span><\/h2><h3><span style=\"color: #000000;\"><strong>\ud83d\udce9 Suporte por e-mail<\/strong><\/span><\/h3><p><span style=\"color: #000000;\">Para qualquer <strong>consultas ou assist\u00eancia<\/strong>, sinta-se \u00e0 vontade para entrar em contato conosco por e-mail e nossa equipe responder\u00e1 prontamente.<\/span><\/p><p><span style=\"color: #000000;\">\ud83d\udce7 <strong>E-mail:<\/strong> <a style=\"color: #000000;\" href=\"mailto:contact@chaophrayaprincesscruise.com\" rel=\"noopener\">contact@chaophrayaprincesscruise.com<\/a><\/span><\/p><hr \/><h3><span style=\"color: #000000;\"><strong>\ud83d\udcac Bate-papo ao vivo<\/strong><\/span><\/h3><p><span style=\"color: #000000;\">Precisa de suporte instant\u00e2neo? Nosso <strong>recurso de chat ao vivo<\/strong> est\u00e1 dispon\u00edvel em nosso site para fornecer <strong>assist\u00eancia em tempo real<\/strong> para quaisquer d\u00favidas sobre o seu <strong>Reserva de cruzeiro Chao Phraya Princess<\/strong>.<\/span><\/p><p><span style=\"color: #000000;\">\ud83c\udf10 <strong>Visita:<\/strong> <a style=\"color: #000000;\" href=\"https:\/\/chaophrayaprincesscruise.com\/pt\/\" target=\"_new\" rel=\"noopener\">https:\/\/chaophrayaprincesscruise.com\/<\/a> e <strong>converse conosco agora!<\/strong><\/span><\/p><hr \/><h3><span style=\"color: #000000;\"><strong>\ud83d\udd52 Hor\u00e1rio de Atendimento ao Cliente<\/strong><\/span><\/h3><p><span style=\"color: #000000;\">Nossa equipe de suporte dedicada est\u00e1 dispon\u00edvel para <strong>ajud\u00e1-lo 24 horas por dia, 7 dias por semana<\/strong>, garantindo uma experi\u00eancia de reserva tranquila e agrad\u00e1vel a qualquer momento.<\/span><\/p><p><span style=\"color: #000000;\">\ud83d\udcde <strong>Assist\u00eancia ao cliente 24 horas por dia, 7 dias por semana<\/strong> \u2013 Estamos aqui para ajudar voc\u00ea com <strong>qualquer d\u00favida antes, durante ou depois da sua reserva<\/strong>.<\/span><\/p><hr \/><h2><span style=\"color: #000000;\"><strong>\ud83c\udf1f Por que reservar com a Triplyn Holidays?<\/strong><\/span><\/h2><p><span style=\"color: #000000;\">No <strong>F\u00e9rias Triplyn<\/strong>, estamos comprometidos em entregar <strong>atendimento ao cliente excepcional<\/strong> para fazer o seu <strong>Experi\u00eancia de cruzeiro Chao Phraya Princess<\/strong> sem estresse e agrad\u00e1vel.<\/span><\/p><p><span style=\"color: #000000;\">\u2705 <strong>Reserva de bilhetes r\u00e1pida e segura<\/strong> \u2013 Confirma\u00e7\u00e3o instant\u00e2nea com um processo de reserva perfeito.<\/span><br \/><span style=\"color: #000000;\">\u2705 <strong>Assist\u00eancia ao cliente confi\u00e1vel<\/strong> \u2013 Suporte amig\u00e1vel antes, durante e depois da sua reserva.<\/span><br \/><span style=\"color: #000000;\">\u2705 <strong>Melhores pre\u00e7os e ofertas exclusivas<\/strong> \u2013 Obtenha as melhores ofertas em <strong>Jantar da Princesa Chao Phraya e Cruzeiros ao P\u00f4r do Sol<\/strong>.<\/span><\/p><p><span style=\"color: #000000;\">\ud83d\udccd <strong>Site:<\/strong> <a style=\"color: #000000;\" href=\"https:\/\/chaophrayaprincesscruise.com\/pt\/\" target=\"_new\" rel=\"noopener\">https:\/\/chaophrayaprincesscruise.com\/<\/a><\/span><br \/><span style=\"color: #000000;\">\ud83d\udce9 <strong>E-mail:<\/strong> <a style=\"color: #000000;\" href=\"mailto:contact@chaophrayaprincesscruise.com\" rel=\"noopener\">contact@chaophrayaprincesscruise.com<\/a><\/span><\/p><hr \/><h2><span style=\"color: #000000;\"><strong>\ud83d\udea2 Planeje seu cruzeiro perfeito pelo Rio Chao Phraya!<\/strong><\/span><\/h2><p><span style=\"color: #000000;\">Deixe-nos ajud\u00e1-lo <strong>reserve seu cruzeiro com jantar de luxo, cruzeiro ao p\u00f4r do sol ou evento especial no Rio Chao Phraya<\/strong>. Estamos ansiosos para ajud\u00e1-lo e fazer o seu <strong><a style=\"color: #000000;\" href=\"https:\/\/chaophrayaprincesscruise.com\/pt\/\">Princesa Chao Phraya<\/a> Experi\u00eancia de cruzeiro inesquec\u00edvel!<\/strong><\/span><\/p>\t\t\t\t\t\t\t\t<\/div>\n\t\t\t\t<\/div>\n\t\t\t\t\t<\/div>\n\t\t<\/div>\n\t\t\t\t\t<\/div>\n\t\t<\/section>\n\t\t\t\t<\/div>","protected":false},"excerpt":{"rendered":"<p>Contact Us At Chao Phraya Princess Cruise, operated by Triplyn Holidays, we specialize in hassle-free ticket booking services for a luxurious dining experience on the Chao Phraya River. Whether you need assistance with your cruise reservation, have inquiries about dining options, departure locations, or travel support, our team is here to help! \ud83d\udea8 Please Note: [&hellip;]<\/p>\n","protected":false},"author":1,"featured_media":0,"parent":0,"menu_order":0,"comment_status":"closed","ping_status":"open","template":"","meta":{"ocean_post_layout":"","ocean_both_sidebars_style":"","ocean_both_sidebars_content_width":0,"ocean_both_sidebars_sidebars_width":0,"ocean_sidebar":"","ocean_second_sidebar":"","ocean_disable_margins":"enable","ocean_add_body_class":"","ocean_shortcode_before_top_bar":"","ocean_shortcode_after_top_bar":"","ocean_shortcode_before_header":"","ocean_shortcode_after_header":"","ocean_has_shortcode":"","ocean_shortcode_after_title":"","ocean_shortcode_before_footer_widgets":"","ocean_shortcode_after_footer_widgets":"","ocean_shortcode_before_footer_bottom":"","ocean_shortcode_after_footer_bottom":"","ocean_display_top_bar":"default","ocean_display_header":"default","ocean_header_style":"","ocean_center_header_left_menu":"","ocean_custom_header_template":"","ocean_custom_logo":0,"ocean_custom_retina_logo":0,"ocean_custom_logo_max_width":0,"ocean_custom_logo_tablet_max_width":0,"ocean_custom_logo_mobile_max_width":0,"ocean_custom_logo_max_height":0,"ocean_custom_logo_tablet_max_height":0,"ocean_custom_logo_mobile_max_height":0,"ocean_header_custom_menu":"","ocean_menu_typo_font_family":"","ocean_menu_typo_font_subset":"","ocean_menu_typo_font_size":0,"ocean_menu_typo_font_size_tablet":0,"ocean_menu_typo_font_size_mobile":0,"ocean_menu_typo_font_size_unit":"px","ocean_menu_typo_font_weight":"","ocean_menu_typo_font_weight_tablet":"","ocean_menu_typo_font_weight_mobile":"","ocean_menu_typo_transform":"","ocean_menu_typo_transform_tablet":"","ocean_menu_typo_transform_mobile":"","ocean_menu_typo_line_height":0,"ocean_menu_typo_line_height_tablet":0,"ocean_menu_typo_line_height_mobile":0,"ocean_menu_typo_line_height_unit":"","ocean_menu_typo_spacing":0,"ocean_menu_typo_spacing_tablet":0,"ocean_menu_typo_spacing_mobile":0,"ocean_menu_typo_spacing_unit":"","ocean_menu_link_color":"","ocean_menu_link_color_hover":"","ocean_menu_link_color_active":"","ocean_menu_link_background":"","ocean_menu_link_hover_background":"","ocean_menu_link_active_background":"","ocean_menu_social_links_bg":"","ocean_menu_social_hover_links_bg":"","ocean_menu_social_links_color":"","ocean_menu_social_hover_links_color":"","ocean_disable_title":"default","ocean_disable_heading":"default","ocean_post_title":"","ocean_post_subheading":"","ocean_post_title_style":"","ocean_post_title_background_color":"","ocean_post_title_background":0,"ocean_post_title_bg_image_position":"","ocean_post_title_bg_image_attachment":"","ocean_post_title_bg_image_repeat":"","ocean_post_title_bg_image_size":"","ocean_post_title_height":0,"ocean_post_title_bg_overlay":0.5,"ocean_post_title_bg_overlay_color":"","ocean_disable_breadcrumbs":"default","ocean_breadcrumbs_color":"","ocean_breadcrumbs_separator_color":"","ocean_breadcrumbs_links_color":"","ocean_breadcrumbs_links_hover_color":"","ocean_display_footer_widgets":"default","ocean_display_footer_bottom":"default","ocean_custom_footer_template":"","footnotes":""},"class_list":["post-1306","page","type-page","status-publish","hentry","entry","owp-thumbs-layout-horizontal","owp-btn-normal","owp-tabs-layout-horizontal","has-no-thumbnails","has-product-nav"],"yoast_head":"<!-- This site is optimized with the Yoast SEO plugin v27.4 - https:\/\/yoast.com\/product\/yoast-seo-wordpress\/ -->\n<title>Contact Triplyn Holidays \u2013 24x7 Support For Ticket Inquiries<\/title>\n<meta name=\"description\" content=\"Reach Out To Triplyn Holidays For Ticket Bookings Or Customer Service. Available Via WhatsApp &amp; Live Chat For A Seamless Experience!\" \/>\n<meta name=\"robots\" content=\"noindex, follow\" \/>\n<meta property=\"og:locale\" content=\"pt_PT\" \/>\n<meta property=\"og:type\" content=\"article\" \/>\n<meta property=\"og:title\" content=\"Contact Triplyn Holidays \u2013 24x7 Support For Ticket Inquiries\" \/>\n<meta property=\"og:description\" content=\"Reach Out To Triplyn Holidays For Ticket Bookings Or Customer Service. Available Via WhatsApp &amp; Live Chat For A Seamless Experience!\" \/>\n<meta property=\"og:url\" content=\"https:\/\/chaophrayaprincesscruise.com\/pt\/contate-nos\/\" \/>\n<meta property=\"og:site_name\" content=\"Chao Phraya Princess Cruise\" \/>\n<meta property=\"article:modified_time\" content=\"2025-02-06T10:50:02+00:00\" \/>\n<meta name=\"twitter:card\" content=\"summary_large_image\" \/>\n<meta name=\"twitter:label1\" content=\"Tempo estimado de leitura\" \/>\n\t<meta name=\"twitter:data1\" content=\"2 minutos\" \/>\n<script type=\"application\/ld+json\" class=\"yoast-schema-graph\">{\"@context\":\"https:\\\/\\\/schema.org\",\"@graph\":[{\"@type\":\"WebPage\",\"@id\":\"https:\\\/\\\/chaophrayaprincesscruise.com\\\/contact-us\\\/\",\"url\":\"https:\\\/\\\/chaophrayaprincesscruise.com\\\/contact-us\\\/\",\"name\":\"Contact Triplyn Holidays \u2013 24x7 Support For Ticket Inquiries\",\"isPartOf\":{\"@id\":\"https:\\\/\\\/chaophrayaprincesscruise.com\\\/#website\"},\"datePublished\":\"2024-10-23T07:10:27+00:00\",\"dateModified\":\"2025-02-06T10:50:02+00:00\",\"description\":\"Reach Out To Triplyn Holidays For Ticket Bookings Or Customer Service. Available Via WhatsApp & Live Chat For A Seamless Experience!\",\"breadcrumb\":{\"@id\":\"https:\\\/\\\/chaophrayaprincesscruise.com\\\/contact-us\\\/#breadcrumb\"},\"inLanguage\":\"pt-PT\",\"potentialAction\":[{\"@type\":\"ReadAction\",\"target\":[\"https:\\\/\\\/chaophrayaprincesscruise.com\\\/contact-us\\\/\"]}]},{\"@type\":\"BreadcrumbList\",\"@id\":\"https:\\\/\\\/chaophrayaprincesscruise.com\\\/contact-us\\\/#breadcrumb\",\"itemListElement\":[{\"@type\":\"ListItem\",\"position\":1,\"name\":\"Home\",\"item\":\"https:\\\/\\\/chaophrayaprincesscruise.com\\\/\"},{\"@type\":\"ListItem\",\"position\":2,\"name\":\"Contact Us\"}]},{\"@type\":\"WebSite\",\"@id\":\"https:\\\/\\\/chaophrayaprincesscruise.com\\\/#website\",\"url\":\"https:\\\/\\\/chaophrayaprincesscruise.com\\\/\",\"name\":\"Chao Phraya Princess Cruise\",\"description\":\"\",\"publisher\":{\"@id\":\"https:\\\/\\\/chaophrayaprincesscruise.com\\\/#organization\"},\"potentialAction\":[{\"@type\":\"SearchAction\",\"target\":{\"@type\":\"EntryPoint\",\"urlTemplate\":\"https:\\\/\\\/chaophrayaprincesscruise.com\\\/?s={search_term_string}\"},\"query-input\":{\"@type\":\"PropertyValueSpecification\",\"valueRequired\":true,\"valueName\":\"search_term_string\"}}],\"inLanguage\":\"pt-PT\"},{\"@type\":\"Organization\",\"@id\":\"https:\\\/\\\/chaophrayaprincesscruise.com\\\/#organization\",\"name\":\"Chao Phraya Princess Cruise\",\"url\":\"https:\\\/\\\/chaophrayaprincesscruise.com\\\/\",\"logo\":{\"@type\":\"ImageObject\",\"inLanguage\":\"pt-PT\",\"@id\":\"https:\\\/\\\/chaophrayaprincesscruise.com\\\/#\\\/schema\\\/logo\\\/image\\\/\",\"url\":\"https:\\\/\\\/chaophrayaprincesscruise.com\\\/wp-content\\\/uploads\\\/2024\\\/08\\\/Chao-Phraya-Princess.png\",\"contentUrl\":\"https:\\\/\\\/chaophrayaprincesscruise.com\\\/wp-content\\\/uploads\\\/2024\\\/08\\\/Chao-Phraya-Princess.png\",\"width\":350,\"height\":100,\"caption\":\"Chao Phraya Princess Cruise\"},\"image\":{\"@id\":\"https:\\\/\\\/chaophrayaprincesscruise.com\\\/#\\\/schema\\\/logo\\\/image\\\/\"}}]}<\/script>\n<!-- \/ Yoast SEO plugin. -->","yoast_head_json":{"title":"Entre em contato com Triplyn Holidays \u2013 Suporte 24x7 para consultas de ingressos","description":"Entre em contato com a Triplyn Holidays para reservas de ingressos ou atendimento ao cliente. Dispon\u00edvel via WhatsApp e chat ao vivo para uma experi\u00eancia perfeita!","robots":{"index":"noindex","follow":"follow"},"og_locale":"pt_PT","og_type":"article","og_title":"Contact Triplyn Holidays \u2013 24x7 Support For Ticket Inquiries","og_description":"Reach Out To Triplyn Holidays For Ticket Bookings Or Customer Service. Available Via WhatsApp & Live Chat For A Seamless Experience!","og_url":"https:\/\/chaophrayaprincesscruise.com\/pt\/contate-nos\/","og_site_name":"Chao Phraya Princess Cruise","article_modified_time":"2025-02-06T10:50:02+00:00","twitter_card":"summary_large_image","twitter_misc":{"Tempo estimado de leitura":"2 minutos"},"schema":{"@context":"https:\/\/schema.org","@graph":[{"@type":"WebPage","@id":"https:\/\/chaophrayaprincesscruise.com\/contact-us\/","url":"https:\/\/chaophrayaprincesscruise.com\/contact-us\/","name":"Entre em contato com Triplyn Holidays \u2013 Suporte 24x7 para consultas de ingressos","isPartOf":{"@id":"https:\/\/chaophrayaprincesscruise.com\/#website"},"datePublished":"2024-10-23T07:10:27+00:00","dateModified":"2025-02-06T10:50:02+00:00","description":"Entre em contato com a Triplyn Holidays para reservas de ingressos ou atendimento ao cliente. Dispon\u00edvel via WhatsApp e chat ao vivo para uma experi\u00eancia perfeita!","breadcrumb":{"@id":"https:\/\/chaophrayaprincesscruise.com\/contact-us\/#breadcrumb"},"inLanguage":"pt-PT","potentialAction":[{"@type":"ReadAction","target":["https:\/\/chaophrayaprincesscruise.com\/contact-us\/"]}]},{"@type":"BreadcrumbList","@id":"https:\/\/chaophrayaprincesscruise.com\/contact-us\/#breadcrumb","itemListElement":[{"@type":"ListItem","position":1,"name":"Home","item":"https:\/\/chaophrayaprincesscruise.com\/"},{"@type":"ListItem","position":2,"name":"Contact Us"}]},{"@type":"WebSite","@id":"https:\/\/chaophrayaprincesscruise.com\/#website","url":"https:\/\/chaophrayaprincesscruise.com\/","name":"Cruzeiro Princesa Chao Phraya","description":"","publisher":{"@id":"https:\/\/chaophrayaprincesscruise.com\/#organization"},"potentialAction":[{"@type":"SearchAction","target":{"@type":"EntryPoint","urlTemplate":"https:\/\/chaophrayaprincesscruise.com\/?s={search_term_string}"},"query-input":{"@type":"PropertyValueSpecification","valueRequired":true,"valueName":"search_term_string"}}],"inLanguage":"pt-PT"},{"@type":"Organization","@id":"https:\/\/chaophrayaprincesscruise.com\/#organization","name":"Cruzeiro Princesa Chao Phraya","url":"https:\/\/chaophrayaprincesscruise.com\/","logo":{"@type":"ImageObject","inLanguage":"pt-PT","@id":"https:\/\/chaophrayaprincesscruise.com\/#\/schema\/logo\/image\/","url":"https:\/\/chaophrayaprincesscruise.com\/wp-content\/uploads\/2024\/08\/Chao-Phraya-Princess.png","contentUrl":"https:\/\/chaophrayaprincesscruise.com\/wp-content\/uploads\/2024\/08\/Chao-Phraya-Princess.png","width":350,"height":100,"caption":"Chao Phraya Princess Cruise"},"image":{"@id":"https:\/\/chaophrayaprincesscruise.com\/#\/schema\/logo\/image\/"}}]}},"jetpack_sharing_enabled":true,"_links":{"self":[{"href":"https:\/\/chaophrayaprincesscruise.com\/pt\/wp-json\/wp\/v2\/pages\/1306","targetHints":{"allow":["GET"]}}],"collection":[{"href":"https:\/\/chaophrayaprincesscruise.com\/pt\/wp-json\/wp\/v2\/pages"}],"about":[{"href":"https:\/\/chaophrayaprincesscruise.com\/pt\/wp-json\/wp\/v2\/types\/page"}],"author":[{"embeddable":true,"href":"https:\/\/chaophrayaprincesscruise.com\/pt\/wp-json\/wp\/v2\/users\/1"}],"replies":[{"embeddable":true,"href":"https:\/\/chaophrayaprincesscruise.com\/pt\/wp-json\/wp\/v2\/comments?post=1306"}],"version-history":[{"count":13,"href":"https:\/\/chaophrayaprincesscruise.com\/pt\/wp-json\/wp\/v2\/pages\/1306\/revisions"}],"predecessor-version":[{"id":2005,"href":"https:\/\/chaophrayaprincesscruise.com\/pt\/wp-json\/wp\/v2\/pages\/1306\/revisions\/2005"}],"wp:attachment":[{"href":"https:\/\/chaophrayaprincesscruise.com\/pt\/wp-json\/wp\/v2\/media?parent=1306"}],"curies":[{"name":"wp","href":"https:\/\/api.w.org\/{rel}","templated":true}]}}