{"id":1285,"date":"2024-10-23T12:21:59","date_gmt":"2024-10-23T06:51:59","guid":{"rendered":"https:\/\/chaophrayaprincesscruise.com\/?page_id=1285"},"modified":"2025-02-06T16:18:03","modified_gmt":"2025-02-06T10:48:03","slug":"company-details","status":"publish","type":"page","link":"https:\/\/chaophrayaprincesscruise.com\/vi\/chi-tiet-cong-ty\/","title":{"rendered":"Chi ti\u1ebft c\u00f4ng ty"},"content":{"rendered":"<div data-elementor-type=\"wp-page\" data-elementor-id=\"1285\" class=\"elementor elementor-1285\" data-elementor-post-type=\"page\">\n\t\t\t\t\t\t<section data-particle_enable=\"false\" data-particle-mobile-disabled=\"false\" class=\"elementor-section elementor-top-section elementor-element elementor-element-2c10db5 elementor-section-boxed elementor-section-height-default elementor-section-height-default\" data-id=\"2c10db5\" data-element_type=\"section\" data-e-type=\"section\">\n\t\t\t\t\t\t<div class=\"elementor-container elementor-column-gap-default\">\n\t\t\t\t\t<div class=\"elementor-column elementor-col-100 elementor-top-column elementor-element elementor-element-eef4b82\" data-id=\"eef4b82\" data-element_type=\"column\" data-e-type=\"column\">\n\t\t\t<div class=\"elementor-widget-wrap elementor-element-populated\">\n\t\t\t\t\t\t<div class=\"elementor-element elementor-element-6c3c170 elementor-widget elementor-widget-text-editor\" data-id=\"6c3c170\" data-element_type=\"widget\" data-e-type=\"widget\" data-widget_type=\"text-editor.default\">\n\t\t\t\t<div class=\"elementor-widget-container\">\n\t\t\t\t\t\t\t\t\t<h1 style=\"text-align: center;\"><span style=\"color: #000000;\"><strong>Chi ti\u1ebft c\u00f4ng ty<\/strong><\/span><\/h1><p><span style=\"color: #000000;\">Ch\u00e0o m\u1eebng \u0111\u1ebfn v\u1edbi <a href=\"https:\/\/chaophrayaprincesscruise.com\/vi\/\"><strong>Du thuy\u1ec1n Chao Phraya Princess<\/strong><\/a>, \u0111\u1ed1i t\u00e1c \u0111\u1eb7t v\u00e9 \u0111\u00e1ng tin c\u1eady c\u1ee7a b\u1ea1n cho m\u1ed9t <strong>tr\u1ea3i nghi\u1ec7m du thuy\u1ec1n \u0103n t\u1ed1i sang tr\u1ecdng kh\u00f3 qu\u00ean<\/strong> d\u1ecdc theo bi\u1ec3u t\u01b0\u1ee3ng c\u1ee7a Bangkok <strong>S\u00f4ng Chao Phraya<\/strong>. \u0110\u01b0\u1ee3c \u0111i\u1ec1u h\u00e0nh b\u1edfi <strong>K\u1ef3 ngh\u1ec9 Triplyn<\/strong>, ch\u00fang t\u00f4i chuy\u00ean cung c\u1ea5p <strong>tr\u1ea3i nghi\u1ec7m \u0111\u1eb7t v\u00e9 li\u1ec1n m\u1ea1ch v\u00e0 kh\u00f4ng g\u1eb7p r\u1eafc r\u1ed1i<\/strong> cho <strong><a href=\"https:\/\/chaophrayaprincesscruise.com\/vi\/\">C\u00f4ng ch\u00faa Chao Phraya<\/a> Du thuy\u1ec1n \u0103n t\u1ed1i v\u00e0 ng\u1eafm ho\u00e0ng h\u00f4n<\/strong>.<\/span><\/p><p><span style=\"color: #000000;\">\ud83d\udea8 <strong>Xin l\u01b0u \u00fd:<\/strong> Ch\u00fang t\u00f4i l\u00e0 <strong>kh\u00f4ng ph\u1ea3i l\u00e0 trang web ch\u00ednh th\u1ee9c c\u1ee7a Chao Phraya Princess Cruise<\/strong>. M\u1ee5c ti\u00eau c\u1ee7a ch\u00fang t\u00f4i l\u00e0 cung c\u1ea5p <strong>d\u1ecbch v\u1ee5 \u0111\u1eb7t v\u00e9 thu\u1eadn ti\u1ec7n v\u00e0 an to\u00e0n<\/strong>, \u0111\u1ea3m b\u1ea3o m\u1ecdi kh\u00e1ch h\u00e0ng \u0111\u1ec1u \u0111\u01b0\u1ee3c t\u1eadn h\u01b0\u1edfng <strong>tr\u1ea3i nghi\u1ec7m du thuy\u1ec1n \u0103n u\u1ed1ng \u0111\u00e1ng nh\u1edb v\u00e0 kh\u00f4ng c\u0103ng th\u1eb3ng \u1edf Bangkok<\/strong>.<\/span><\/p><hr \/><h2><span style=\"color: #000000;\"><strong>Gi\u1edbi thi\u1ec7u v\u1ec1 ch\u00fang t\u00f4i<\/strong><\/span><\/h2><p><span style=\"color: #000000;\"><strong>K\u1ef3 ngh\u1ec9 Triplyn<\/strong> l\u00e0 m\u1ed9t h\u00e0ng \u0111\u1ea7u <strong>c\u00f4ng ty du l\u1ecbch v\u00e0 l\u1eef h\u00e0nh<\/strong>, d\u00e0nh ri\u00eang \u0111\u1ec3 cung c\u1ea5p <strong>d\u1ecbch v\u1ee5 ch\u1ea5t l\u01b0\u1ee3ng h\u00e0ng \u0111\u1ea7u<\/strong> cho du kh\u00e1ch tr\u00ean to\u00e0n th\u1ebf gi\u1edbi. Ch\u00fang t\u00f4i chuy\u00ean v\u1ec1 <strong>\u0111\u1eb7t v\u00e9 cho c\u00e1c \u0111i\u1ec3m tham quan ch\u00ednh<\/strong>, bao g\u1ed3m c\u1ea3 <strong>Du thuy\u1ec1n Chao Phraya Princess<\/strong>, \u0111\u1ea3m b\u1ea3o m\u1ed9t <strong>qu\u00e1 tr\u00ecnh \u0111\u1eb7t ph\u00f2ng su\u00f4n s\u1ebb v\u00e0 th\u00fa v\u1ecb<\/strong> cho t\u1ea5t c\u1ea3 kh\u00e1ch h\u00e0ng c\u1ee7a ch\u00fang t\u00f4i.<\/span><\/p><h3><span style=\"color: #000000;\"><strong>T\u1ea1i sao n\u00ean \u0111\u1eb7t ph\u00f2ng v\u1edbi ch\u00fang t\u00f4i?<\/strong><\/span><\/h3><p><span style=\"color: #000000;\">\u2705 <strong>\u01afu \u0111\u00e3i t\u1ed1t nh\u1ea5t cho v\u00e9 du thuy\u1ec1n<\/strong> \u2013 \u0110\u01b0\u1ee3c h\u01b0\u1edfng c\u00e1c \u01b0u \u0111\u00e3i v\u00e0 gi\u1ea3m gi\u00e1 \u0111\u1ed9c quy\u1ec1n.<\/span><br \/><span style=\"color: #000000;\">\u2705 <strong>Quy tr\u00ecnh \u0111\u1eb7t ch\u1ed7 tr\u1ef1c tuy\u1ebfn li\u1ec1n m\u1ea1ch<\/strong> \u2013 \u0110\u1eb7t v\u00e9 nhanh ch\u00f3ng v\u00e0 an to\u00e0n.<\/span><br \/><span style=\"color: #000000;\">\u2705 <strong>H\u1ed7 tr\u1ee3 kh\u00e1ch h\u00e0ng \u0111\u00e1ng tin c\u1eady<\/strong> \u2013 H\u1ed7 tr\u1ee3 tr\u01b0\u1edbc v\u00e0 sau khi \u0111\u1eb7t ch\u1ed7.<\/span><\/p><p><span style=\"color: #000000;\">Ch\u00fang t\u00f4i t\u1ef1 h\u00e0o \u0111\u1ea3m b\u1ea3o r\u1eb1ng m\u1ecdi kh\u00e1ch h\u00e0ng \u0111\u1ec1u \u0111\u01b0\u1ee3c t\u1eadn h\u01b0\u1edfng <strong>tr\u1ea3i nghi\u1ec7m \u0111\u1eb7t ph\u00f2ng kh\u00f4ng c\u0103ng th\u1eb3ng<\/strong>, l\u00e0m cho h\u1ecd <strong>Du thuy\u1ec1n tr\u00ean s\u00f4ng Chao Phraya th\u1eadt s\u1ef1 \u0111\u1eb7c bi\u1ec7t<\/strong>.<\/span><\/p><hr \/><h2><span style=\"color: #000000;\"><strong>Th\u00f4ng tin c\u00f4ng ty<\/strong><\/span><\/h2><p><span style=\"color: #000000;\">\ud83d\udccc <strong>T\u00ean c\u00f4ng ty:<\/strong> K\u1ef3 ngh\u1ec9 Triplyn<\/span><br \/><span style=\"color: #000000;\">\ud83d\udccd <strong>\u0110\u1ecba ch\u1ec9 \u0111\u00e3 \u0111\u0103ng k\u00fd:<\/strong> A-54, Khu c\u00f4ng nghi\u1ec7p Keshopur, Vikaspuri, New Delhi 110018, \u1ea4n \u0110\u1ed9<\/span><br \/><span style=\"color: #000000;\">\ud83d\udce7 <strong>E-mail:<\/strong> <a style=\"color: #000000;\" href=\"mailto:contact@chaophrayaprincesscruise.com\" rel=\"noopener\">contact@chaophrayaprincesscruise.com<\/a><\/span><br \/><span style=\"color: #000000;\">\ud83c\udf10 <strong>Trang web:<\/strong> <a style=\"color: #000000;\" href=\"https:\/\/chaophrayaprincesscruise.com\/vi\/\" target=\"_new\" rel=\"noopener\">https:\/\/chaophrayaprincesscruise.com\/<\/a><\/span><\/p><p><span style=\"color: #000000;\">Ch\u00fang t\u00f4i coi tr\u1ecdng <strong>s\u1ef1 minh b\u1ea1ch v\u00e0 tin c\u1eady<\/strong>, \u0111\u1ea3m b\u1ea3o r\u1eb1ng kh\u00e1ch h\u00e0ng c\u1ee7a ch\u00fang t\u00f4i c\u00f3 <strong>ho\u00e0n to\u00e0n tin t\u01b0\u1edfng v\u00e0o vi\u1ec7c \u0111\u1eb7t ch\u1ed7 c\u1ee7a h\u1ecd<\/strong>. N\u1ebfu b\u1ea1n c\u00f3 b\u1ea5t k\u1ef3 <strong>nh\u1eefng c\u00e2u h\u1ecfi ho\u1eb7c m\u1ed1i quan t\u00e2m li\u00ean quan \u0111\u1ebfn vi\u1ec7c \u0111\u1eb7t ch\u1ed7 du ngo\u1ea1n c\u1ee7a b\u1ea1n<\/strong>, vui l\u00f2ng li\u00ean h\u1ec7 v\u1edbi ch\u00fang t\u00f4i.<\/span><\/p><hr \/><h2><span style=\"color: #000000;\"><strong>Li\u00ean h\u1ec7 v\u1edbi ch\u00fang t\u00f4i<\/strong><\/span><\/h2><p><span style=\"color: #000000;\">\u0110\u1ed1i v\u1edbi b\u1ea5t k\u1ef3 y\u00eau c\u1ea7u ho\u1eb7c h\u1ed7 tr\u1ee3 li\u00ean quan \u0111\u1ebfn b\u1ea1n <strong>\u0110\u1eb7t v\u00e9 du thuy\u1ec1n Chao Phraya Princess<\/strong>, b\u1ea1n c\u00f3 th\u1ec3 li\u00ean h\u1ec7 v\u1edbi nh\u00f3m d\u1ecbch v\u1ee5 kh\u00e1ch h\u00e0ng c\u1ee7a ch\u00fang t\u00f4i:<\/span><\/p><p><span style=\"color: #000000;\">\ud83d\udce7 <strong>E-mail:<\/strong> <a style=\"color: #000000;\" href=\"mailto:contact@chaophrayaprincesscruise.com\" rel=\"noopener\">contact@chaophrayaprincesscruise.com<\/a><\/span><br \/><span style=\"color: #000000;\">\ud83d\udccd <strong>\u0110\u1ecba ch\u1ec9 v\u0103n ph\u00f2ng:<\/strong> A-54, Khu c\u00f4ng nghi\u1ec7p Keshopur, Vikaspuri, New Delhi 110018, \u1ea4n \u0110\u1ed9<\/span><\/p><p><span style=\"color: #000000;\">\ud83d\udcac <strong>Ch\u00fang t\u00f4i c\u1ed1 g\u1eafng tr\u1ea3 l\u1eddi m\u1ecdi th\u1eafc m\u1eafc trong v\u00f2ng 24 gi\u1edd.<\/strong><\/span><\/p><hr \/><h2><span style=\"color: #000000;\"><strong>T\u1ea1i sao ch\u1ecdn ch\u00fang t\u00f4i?<\/strong><\/span><\/h2><p><span style=\"color: #000000;\">\u2b50 <strong>Tr\u1ea3i nghi\u1ec7m \u0111\u00e1ng tin c\u1eady<\/strong> \u2013 V\u1edbi nhi\u1ec1u n\u0103m kinh nghi\u1ec7m trong ng\u00e0nh du l\u1ecbch v\u00e0 l\u1eef h\u00e0nh, <strong>K\u1ef3 ngh\u1ec9 Triplyn<\/strong> cam k\u1ebft v\u1edbi <strong>d\u1ecbch v\u1ee5 \u0111\u00e1ng tin c\u1eady v\u00e0 gi\u00e1 c\u1ea3 minh b\u1ea1ch<\/strong>.<\/span><br \/><span style=\"color: #000000;\">\u2b50 <strong>H\u1ed7 tr\u1ee3 kh\u00e1ch h\u00e0ng \u0111\u1eb7c bi\u1ec7t<\/strong> \u2013 \u0110\u1ed9i ng\u0169 h\u1ed7 tr\u1ee3 t\u1eadn t\u00e2m c\u1ee7a ch\u00fang t\u00f4i lu\u00f4n s\u1eb5n s\u00e0ng h\u1ed7 tr\u1ee3 m\u1ecdi th\u1eafc m\u1eafc li\u00ean quan \u0111\u1ebfn b\u1ea1n <strong>\u0111\u1eb7t v\u00e9 du thuy\u1ec1n<\/strong>.<\/span><br \/><span style=\"color: #000000;\">\u2b50 <strong>\u01afu \u0111\u00e3i &amp; Gi\u1ea3m gi\u00e1 \u0111\u1ed9c quy\u1ec1n<\/strong> \u2013 Ch\u00fang t\u00f4i cung c\u1ea5p <strong>khuy\u1ebfn m\u00e3i v\u00e0 gi\u1ea3m gi\u00e1 \u0111\u1eb7c bi\u1ec7t<\/strong> cho <strong>Du thuy\u1ec1n Chao Phraya Princess d\u00f9ng b\u1eefa t\u1ed1i v\u00e0 ng\u1eafm ho\u00e0ng h\u00f4n<\/strong>, \u0111\u1ea3m b\u1ea3o b\u1ea1n nh\u1eadn \u0111\u01b0\u1ee3c <strong>gi\u00e1 tr\u1ecb t\u1ed1t nh\u1ea5t cho s\u1ed1 ti\u1ec1n c\u1ee7a b\u1ea1n<\/strong>.<\/span><\/p><hr \/><h2><span style=\"color: #000000;\"><strong>\u0110\u1eb7t chuy\u1ebfn du ngo\u1ea1n c\u1ee7a b\u1ea1n v\u1edbi ch\u00fang t\u00f4i<\/strong><\/span><\/h2><p><span style=\"color: #000000;\">\u0110\u1ed1i v\u1edbi m\u1ed9t <strong>bu\u1ed5i t\u1ed1i xa hoa v\u1edbi \u1ea9m th\u1ef1c h\u1ea3o h\u1ea1ng, nh\u1ea1c s\u1ed1ng v\u00e0 quang c\u1ea3nh s\u00f4ng ngo\u1ea1n m\u1ee5c<\/strong>, \u0111\u1eb7t ch\u1ed7 c\u1ee7a b\u1ea1n <strong><a href=\"https:\/\/chaophrayaprincesscruise.com\/vi\/\">V\u00e9 du thuy\u1ec1n Chao Phraya Princess<\/a> H\u00f4m nay<\/strong> th\u00f4ng qua trang web c\u1ee7a ch\u00fang t\u00f4i.<\/span><\/p><p><span style=\"color: #000000;\">\ud83c\udf9f <strong>\u0110\u1eb7t v\u00e9 du thuy\u1ec1n Chao Phraya Princess ngay b\u00e2y gi\u1edd!<\/strong><\/span><br \/><span style=\"color: #000000;\">\ud83d\udd17 <a style=\"color: #000000;\" href=\"https:\/\/chaophrayaprincesscruise.com\/vi\/\" target=\"_new\" rel=\"noopener\">https:\/\/chaophrayaprincesscruise.com\/<\/a><\/span><\/p><p><span style=\"color: #000000;\">H\u00e3y \u0111\u1ec3 ch\u00fang t\u00f4i <strong>ch\u0103m s\u00f3c \u0111\u1eb7t ch\u1ed7 du ngo\u1ea1n c\u1ee7a b\u1ea1n<\/strong>, v\u00ec v\u1eady b\u1ea1n c\u00f3 th\u1ec3 <strong>th\u01b0 gi\u00e3n v\u00e0 t\u1eadn h\u01b0\u1edfng d\u00f2ng s\u00f4ng Chao Phraya tuy\u1ec7t \u0111\u1eb9p<\/strong>, c\u00e1c <strong>\u0111\u01b0\u1eddng ch\u00e2n tr\u1eddi \u0111\u01b0\u1ee3c chi\u1ebfu s\u00e1ng c\u1ee7a Bangkok<\/strong>v\u00e0 m\u1ed9t <strong>tr\u1ea3i nghi\u1ec7m \u0103n u\u1ed1ng buffet tuy\u1ec7t v\u1eddi<\/strong> tr\u00ean t\u00e0u <strong><a href=\"https:\/\/chaophrayaprincesscruise.com\/vi\/\">C\u00f4ng ch\u00faa Chao Phraya<\/a> Du thuy\u1ec1n<\/strong>!<\/span><\/p>\t\t\t\t\t\t\t\t<\/div>\n\t\t\t\t<\/div>\n\t\t\t\t\t<\/div>\n\t\t<\/div>\n\t\t\t\t\t<\/div>\n\t\t<\/section>\n\t\t\t\t<\/div>","protected":false},"excerpt":{"rendered":"<p>Company Details Welcome to Chao Phraya Princess Cruise, your trusted ticket booking partner for an unforgettable luxury dinner cruise experience along Bangkok\u2019s iconic Chao Phraya River. Operated by Triplyn Holidays, we specialize in providing a seamless and hassle-free ticket booking experience for the Chao Phraya Princess Dinner and Sunset Cruises. \ud83d\udea8 Please Note: We are [&hellip;]<\/p>\n","protected":false},"author":1,"featured_media":0,"parent":0,"menu_order":0,"comment_status":"closed","ping_status":"open","template":"","meta":{"ocean_post_layout":"","ocean_both_sidebars_style":"","ocean_both_sidebars_content_width":0,"ocean_both_sidebars_sidebars_width":0,"ocean_sidebar":"","ocean_second_sidebar":"","ocean_disable_margins":"enable","ocean_add_body_class":"","ocean_shortcode_before_top_bar":"","ocean_shortcode_after_top_bar":"","ocean_shortcode_before_header":"","ocean_shortcode_after_header":"","ocean_has_shortcode":"","ocean_shortcode_after_title":"","ocean_shortcode_before_footer_widgets":"","ocean_shortcode_after_footer_widgets":"","ocean_shortcode_before_footer_bottom":"","ocean_shortcode_after_footer_bottom":"","ocean_display_top_bar":"default","ocean_display_header":"default","ocean_header_style":"","ocean_center_header_left_menu":"","ocean_custom_header_template":"","ocean_custom_logo":0,"ocean_custom_retina_logo":0,"ocean_custom_logo_max_width":0,"ocean_custom_logo_tablet_max_width":0,"ocean_custom_logo_mobile_max_width":0,"ocean_custom_logo_max_height":0,"ocean_custom_logo_tablet_max_height":0,"ocean_custom_logo_mobile_max_height":0,"ocean_header_custom_menu":"","ocean_menu_typo_font_family":"","ocean_menu_typo_font_subset":"","ocean_menu_typo_font_size":0,"ocean_menu_typo_font_size_tablet":0,"ocean_menu_typo_font_size_mobile":0,"ocean_menu_typo_font_size_unit":"px","ocean_menu_typo_font_weight":"","ocean_menu_typo_font_weight_tablet":"","ocean_menu_typo_font_weight_mobile":"","ocean_menu_typo_transform":"","ocean_menu_typo_transform_tablet":"","ocean_menu_typo_transform_mobile":"","ocean_menu_typo_line_height":0,"ocean_menu_typo_line_height_tablet":0,"ocean_menu_typo_line_height_mobile":0,"ocean_menu_typo_line_height_unit":"","ocean_menu_typo_spacing":0,"ocean_menu_typo_spacing_tablet":0,"ocean_menu_typo_spacing_mobile":0,"ocean_menu_typo_spacing_unit":"","ocean_menu_link_color":"","ocean_menu_link_color_hover":"","ocean_menu_link_color_active":"","ocean_menu_link_background":"","ocean_menu_link_hover_background":"","ocean_menu_link_active_background":"","ocean_menu_social_links_bg":"","ocean_menu_social_hover_links_bg":"","ocean_menu_social_links_color":"","ocean_menu_social_hover_links_color":"","ocean_disable_title":"default","ocean_disable_heading":"default","ocean_post_title":"","ocean_post_subheading":"","ocean_post_title_style":"","ocean_post_title_background_color":"","ocean_post_title_background":0,"ocean_post_title_bg_image_position":"","ocean_post_title_bg_image_attachment":"","ocean_post_title_bg_image_repeat":"","ocean_post_title_bg_image_size":"","ocean_post_title_height":0,"ocean_post_title_bg_overlay":0.5,"ocean_post_title_bg_overlay_color":"","ocean_disable_breadcrumbs":"default","ocean_breadcrumbs_color":"","ocean_breadcrumbs_separator_color":"","ocean_breadcrumbs_links_color":"","ocean_breadcrumbs_links_hover_color":"","ocean_display_footer_widgets":"default","ocean_display_footer_bottom":"default","ocean_custom_footer_template":"","footnotes":""},"class_list":["post-1285","page","type-page","status-publish","hentry","entry","owp-thumbs-layout-horizontal","owp-btn-normal","owp-tabs-layout-horizontal","has-no-thumbnails","has-product-nav"],"yoast_head":"<!-- This site is optimized with the Yoast SEO plugin v27.4 - https:\/\/yoast.com\/product\/yoast-seo-wordpress\/ -->\n<title>Company Details | Chao Phraya Princess Cruise - Triplyn Holidays<\/title>\n<meta name=\"description\" content=\"Book Your Chao Phraya Princess Cruise Tickets Today And Enjoy A Memorable Evening With Stunning Buffet, Music, Deals, &amp; Hassle-Free Booking!\" \/>\n<meta name=\"robots\" content=\"noindex, follow\" \/>\n<meta property=\"og:locale\" content=\"vi_VN\" \/>\n<meta property=\"og:type\" content=\"article\" \/>\n<meta property=\"og:title\" content=\"Company Details | Chao Phraya Princess Cruise - Triplyn Holidays\" \/>\n<meta property=\"og:description\" content=\"Book Your Chao Phraya Princess Cruise Tickets Today And Enjoy A Memorable Evening With Stunning Buffet, Music, Deals, &amp; Hassle-Free Booking!\" \/>\n<meta property=\"og:url\" content=\"https:\/\/chaophrayaprincesscruise.com\/vi\/chi-tiet-cong-ty\/\" \/>\n<meta property=\"og:site_name\" content=\"Chao Phraya Princess Cruise\" \/>\n<meta property=\"article:modified_time\" content=\"2025-02-06T10:48:03+00:00\" \/>\n<meta name=\"twitter:card\" content=\"summary_large_image\" \/>\n<meta name=\"twitter:label1\" content=\"\u01af\u1edbc t\u00ednh th\u1eddi gian \u0111\u1ecdc\" \/>\n\t<meta name=\"twitter:data1\" content=\"2 ph\u00fat\" \/>\n<script type=\"application\/ld+json\" class=\"yoast-schema-graph\">{\"@context\":\"https:\\\/\\\/schema.org\",\"@graph\":[{\"@type\":\"WebPage\",\"@id\":\"https:\\\/\\\/chaophrayaprincesscruise.com\\\/company-details\\\/\",\"url\":\"https:\\\/\\\/chaophrayaprincesscruise.com\\\/company-details\\\/\",\"name\":\"Company Details | Chao Phraya Princess Cruise - Triplyn Holidays\",\"isPartOf\":{\"@id\":\"https:\\\/\\\/chaophrayaprincesscruise.com\\\/#website\"},\"datePublished\":\"2024-10-23T06:51:59+00:00\",\"dateModified\":\"2025-02-06T10:48:03+00:00\",\"description\":\"Book Your Chao Phraya Princess Cruise Tickets Today And Enjoy A Memorable Evening With Stunning Buffet, Music, Deals, & Hassle-Free Booking!\",\"breadcrumb\":{\"@id\":\"https:\\\/\\\/chaophrayaprincesscruise.com\\\/company-details\\\/#breadcrumb\"},\"inLanguage\":\"vi\",\"potentialAction\":[{\"@type\":\"ReadAction\",\"target\":[\"https:\\\/\\\/chaophrayaprincesscruise.com\\\/company-details\\\/\"]}]},{\"@type\":\"BreadcrumbList\",\"@id\":\"https:\\\/\\\/chaophrayaprincesscruise.com\\\/company-details\\\/#breadcrumb\",\"itemListElement\":[{\"@type\":\"ListItem\",\"position\":1,\"name\":\"Home\",\"item\":\"https:\\\/\\\/chaophrayaprincesscruise.com\\\/\"},{\"@type\":\"ListItem\",\"position\":2,\"name\":\"Company Details\"}]},{\"@type\":\"WebSite\",\"@id\":\"https:\\\/\\\/chaophrayaprincesscruise.com\\\/#website\",\"url\":\"https:\\\/\\\/chaophrayaprincesscruise.com\\\/\",\"name\":\"Chao Phraya Princess Cruise\",\"description\":\"\",\"publisher\":{\"@id\":\"https:\\\/\\\/chaophrayaprincesscruise.com\\\/#organization\"},\"potentialAction\":[{\"@type\":\"SearchAction\",\"target\":{\"@type\":\"EntryPoint\",\"urlTemplate\":\"https:\\\/\\\/chaophrayaprincesscruise.com\\\/?s={search_term_string}\"},\"query-input\":{\"@type\":\"PropertyValueSpecification\",\"valueRequired\":true,\"valueName\":\"search_term_string\"}}],\"inLanguage\":\"vi\"},{\"@type\":\"Organization\",\"@id\":\"https:\\\/\\\/chaophrayaprincesscruise.com\\\/#organization\",\"name\":\"Chao Phraya Princess Cruise\",\"url\":\"https:\\\/\\\/chaophrayaprincesscruise.com\\\/\",\"logo\":{\"@type\":\"ImageObject\",\"inLanguage\":\"vi\",\"@id\":\"https:\\\/\\\/chaophrayaprincesscruise.com\\\/#\\\/schema\\\/logo\\\/image\\\/\",\"url\":\"https:\\\/\\\/chaophrayaprincesscruise.com\\\/wp-content\\\/uploads\\\/2024\\\/08\\\/Chao-Phraya-Princess.png\",\"contentUrl\":\"https:\\\/\\\/chaophrayaprincesscruise.com\\\/wp-content\\\/uploads\\\/2024\\\/08\\\/Chao-Phraya-Princess.png\",\"width\":350,\"height\":100,\"caption\":\"Chao Phraya Princess Cruise\"},\"image\":{\"@id\":\"https:\\\/\\\/chaophrayaprincesscruise.com\\\/#\\\/schema\\\/logo\\\/image\\\/\"}}]}<\/script>\n<!-- \/ Yoast SEO plugin. -->","yoast_head_json":{"title":"Chi ti\u1ebft c\u00f4ng ty | Chao Phraya Princess Cruise - Triplyn Holidays","description":"H\u00e3y \u0111\u1eb7t v\u00e9 du thuy\u1ec1n Chao Phraya Princess ngay h\u00f4m nay v\u00e0 t\u1eadn h\u01b0\u1edfng m\u1ed9t bu\u1ed5i t\u1ed1i \u0111\u00e1ng nh\u1edb v\u1edbi ti\u1ec7c buffet tuy\u1ec7t v\u1eddi, \u00e2m nh\u1ea1c, \u01b0u \u0111\u00e3i v\u00e0 d\u1ecbch v\u1ee5 \u0111\u1eb7t ch\u1ed7 d\u1ec5 d\u00e0ng!","robots":{"index":"noindex","follow":"follow"},"og_locale":"vi_VN","og_type":"article","og_title":"Company Details | Chao Phraya Princess Cruise - Triplyn Holidays","og_description":"Book Your Chao Phraya Princess Cruise Tickets Today And Enjoy A Memorable Evening With Stunning Buffet, Music, Deals, & Hassle-Free Booking!","og_url":"https:\/\/chaophrayaprincesscruise.com\/vi\/chi-tiet-cong-ty\/","og_site_name":"Chao Phraya Princess Cruise","article_modified_time":"2025-02-06T10:48:03+00:00","twitter_card":"summary_large_image","twitter_misc":{"\u01af\u1edbc t\u00ednh th\u1eddi gian \u0111\u1ecdc":"2 ph\u00fat"},"schema":{"@context":"https:\/\/schema.org","@graph":[{"@type":"WebPage","@id":"https:\/\/chaophrayaprincesscruise.com\/company-details\/","url":"https:\/\/chaophrayaprincesscruise.com\/company-details\/","name":"Chi ti\u1ebft c\u00f4ng ty | Chao Phraya Princess Cruise - Triplyn Holidays","isPartOf":{"@id":"https:\/\/chaophrayaprincesscruise.com\/#website"},"datePublished":"2024-10-23T06:51:59+00:00","dateModified":"2025-02-06T10:48:03+00:00","description":"H\u00e3y \u0111\u1eb7t v\u00e9 du thuy\u1ec1n Chao Phraya Princess ngay h\u00f4m nay v\u00e0 t\u1eadn h\u01b0\u1edfng m\u1ed9t bu\u1ed5i t\u1ed1i \u0111\u00e1ng nh\u1edb v\u1edbi ti\u1ec7c buffet tuy\u1ec7t v\u1eddi, \u00e2m nh\u1ea1c, \u01b0u \u0111\u00e3i v\u00e0 d\u1ecbch v\u1ee5 \u0111\u1eb7t ch\u1ed7 d\u1ec5 d\u00e0ng!","breadcrumb":{"@id":"https:\/\/chaophrayaprincesscruise.com\/company-details\/#breadcrumb"},"inLanguage":"vi","potentialAction":[{"@type":"ReadAction","target":["https:\/\/chaophrayaprincesscruise.com\/company-details\/"]}]},{"@type":"BreadcrumbList","@id":"https:\/\/chaophrayaprincesscruise.com\/company-details\/#breadcrumb","itemListElement":[{"@type":"ListItem","position":1,"name":"Home","item":"https:\/\/chaophrayaprincesscruise.com\/"},{"@type":"ListItem","position":2,"name":"Company Details"}]},{"@type":"WebSite","@id":"https:\/\/chaophrayaprincesscruise.com\/#website","url":"https:\/\/chaophrayaprincesscruise.com\/","name":"Du thuy\u1ec1n Chao Phraya Princess","description":"","publisher":{"@id":"https:\/\/chaophrayaprincesscruise.com\/#organization"},"potentialAction":[{"@type":"SearchAction","target":{"@type":"EntryPoint","urlTemplate":"https:\/\/chaophrayaprincesscruise.com\/?s={search_term_string}"},"query-input":{"@type":"PropertyValueSpecification","valueRequired":true,"valueName":"search_term_string"}}],"inLanguage":"vi"},{"@type":"Organization","@id":"https:\/\/chaophrayaprincesscruise.com\/#organization","name":"Du thuy\u1ec1n Chao Phraya Princess","url":"https:\/\/chaophrayaprincesscruise.com\/","logo":{"@type":"ImageObject","inLanguage":"vi","@id":"https:\/\/chaophrayaprincesscruise.com\/#\/schema\/logo\/image\/","url":"https:\/\/chaophrayaprincesscruise.com\/wp-content\/uploads\/2024\/08\/Chao-Phraya-Princess.png","contentUrl":"https:\/\/chaophrayaprincesscruise.com\/wp-content\/uploads\/2024\/08\/Chao-Phraya-Princess.png","width":350,"height":100,"caption":"Chao Phraya Princess Cruise"},"image":{"@id":"https:\/\/chaophrayaprincesscruise.com\/#\/schema\/logo\/image\/"}}]}},"jetpack_sharing_enabled":true,"_links":{"self":[{"href":"https:\/\/chaophrayaprincesscruise.com\/vi\/wp-json\/wp\/v2\/pages\/1285","targetHints":{"allow":["GET"]}}],"collection":[{"href":"https:\/\/chaophrayaprincesscruise.com\/vi\/wp-json\/wp\/v2\/pages"}],"about":[{"href":"https:\/\/chaophrayaprincesscruise.com\/vi\/wp-json\/wp\/v2\/types\/page"}],"author":[{"embeddable":true,"href":"https:\/\/chaophrayaprincesscruise.com\/vi\/wp-json\/wp\/v2\/users\/1"}],"replies":[{"embeddable":true,"href":"https:\/\/chaophrayaprincesscruise.com\/vi\/wp-json\/wp\/v2\/comments?post=1285"}],"version-history":[{"count":14,"href":"https:\/\/chaophrayaprincesscruise.com\/vi\/wp-json\/wp\/v2\/pages\/1285\/revisions"}],"predecessor-version":[{"id":1999,"href":"https:\/\/chaophrayaprincesscruise.com\/vi\/wp-json\/wp\/v2\/pages\/1285\/revisions\/1999"}],"wp:attachment":[{"href":"https:\/\/chaophrayaprincesscruise.com\/vi\/wp-json\/wp\/v2\/media?parent=1285"}],"curies":[{"name":"wp","href":"https:\/\/api.w.org\/{rel}","templated":true}]}}