{"id":1306,"date":"2024-10-23T12:40:27","date_gmt":"2024-10-23T07:10:27","guid":{"rendered":"https:\/\/chaophrayaprincesscruise.com\/?page_id=1306"},"modified":"2025-02-06T16:20:02","modified_gmt":"2025-02-06T10:50:02","slug":"contact-us","status":"publish","type":"page","link":"https:\/\/chaophrayaprincesscruise.com\/vi\/lien-he-voi-chung-toi\/","title":{"rendered":"Li\u00ean h\u1ec7 v\u1edbi ch\u00fang t\u00f4i"},"content":{"rendered":"<div data-elementor-type=\"wp-page\" data-elementor-id=\"1306\" class=\"elementor elementor-1306\" data-elementor-post-type=\"page\">\n\t\t\t\t\t\t<section data-particle_enable=\"false\" data-particle-mobile-disabled=\"false\" class=\"elementor-section elementor-top-section elementor-element elementor-element-2c10db5 elementor-section-boxed elementor-section-height-default elementor-section-height-default\" data-id=\"2c10db5\" data-element_type=\"section\" data-e-type=\"section\">\n\t\t\t\t\t\t<div class=\"elementor-container elementor-column-gap-default\">\n\t\t\t\t\t<div class=\"elementor-column elementor-col-100 elementor-top-column elementor-element elementor-element-eef4b82\" data-id=\"eef4b82\" data-element_type=\"column\" data-e-type=\"column\">\n\t\t\t<div class=\"elementor-widget-wrap elementor-element-populated\">\n\t\t\t\t\t\t<div class=\"elementor-element elementor-element-6c3c170 elementor-widget elementor-widget-text-editor\" data-id=\"6c3c170\" data-element_type=\"widget\" data-e-type=\"widget\" data-widget_type=\"text-editor.default\">\n\t\t\t\t<div class=\"elementor-widget-container\">\n\t\t\t\t\t\t\t\t\t<h1 style=\"text-align: center;\"><span style=\"color: #000000;\"><strong>Li\u00ean h\u1ec7 v\u1edbi ch\u00fang t\u00f4i<\/strong><\/span><\/h1><p><span style=\"color: #000000;\">T\u1ea1i <a style=\"color: #000000;\" href=\"https:\/\/chaophrayaprincesscruise.com\/vi\/\"><strong>Du thuy\u1ec1n Chao Phraya Princess<\/strong><\/a>, \u0111\u01b0\u1ee3c \u0111i\u1ec1u h\u00e0nh b\u1edfi <strong>K\u1ef3 ngh\u1ec9 Triplyn<\/strong>, ch\u00fang t\u00f4i chuy\u00ean v\u1ec1 <strong>d\u1ecbch v\u1ee5 \u0111\u1eb7t v\u00e9 d\u1ec5 d\u00e0ng<\/strong> cho m\u1ed9t <strong>tr\u1ea3i nghi\u1ec7m \u0103n u\u1ed1ng sang tr\u1ecdng<\/strong> tr\u00ean <strong>S\u00f4ng Chao Phraya<\/strong>. Cho d\u00f9 b\u1ea1n c\u1ea7n h\u1ed7 tr\u1ee3 v\u1edbi <strong>\u0111\u1eb7t ch\u1ed7 du thuy\u1ec1n<\/strong>, c\u00f3 th\u1eafc m\u1eafc v\u1ec1 <strong>l\u1ef1a ch\u1ecdn \u0103n u\u1ed1ng, \u0111\u1ecba \u0111i\u1ec3m kh\u1edfi h\u00e0nh ho\u1eb7c h\u1ed7 tr\u1ee3 \u0111i l\u1ea1i<\/strong>, nh\u00f3m c\u1ee7a ch\u00fang t\u00f4i \u1edf \u0111\u00e2y \u0111\u1ec3 gi\u00fap b\u1ea1n!<\/span><\/p><p><span style=\"color: #000000;\">\ud83d\udea8 <strong>Xin l\u01b0u \u00fd:<\/strong> Ch\u00fang t\u00f4i l\u00e0 <strong>kh\u00f4ng ph\u1ea3i l\u00e0 trang web ch\u00ednh th\u1ee9c c\u1ee7a Chao Phraya Princess Cruise<\/strong>. Ch\u00fang t\u00f4i cung c\u1ea5p m\u1ed9t <strong>n\u1ec1n t\u1ea3ng \u0111\u00e1ng tin c\u1eady \u0111\u1ec3 \u0111\u1eb7t v\u00e9 du thuy\u1ec1n<\/strong> \u0111\u1ec3 \u0111\u1ea3m b\u1ea3o b\u1ea1n t\u1eadn h\u01b0\u1edfng m\u1ed9t <strong>tr\u1ea3i nghi\u1ec7m \u0111\u1eb7t ph\u00f2ng m\u01b0\u1ee3t m\u00e0 v\u00e0 li\u1ec1n m\u1ea1ch<\/strong>.<\/span><\/p><hr \/><h2><span style=\"color: #000000;\"><strong>\ud83d\udce7 C\u00e1ch li\u00ean h\u1ec7 v\u1edbi ch\u00fang t\u00f4i<\/strong><\/span><\/h2><h3><span style=\"color: #000000;\"><strong>\ud83d\udce9 H\u1ed7 tr\u1ee3 qua email<\/strong><\/span><\/h3><p><span style=\"color: #000000;\">\u0110\u1ed1i v\u1edbi b\u1ea5t k\u1ef3 <strong>y\u00eau c\u1ea7u ho\u1eb7c h\u1ed7 tr\u1ee3<\/strong>, vui l\u00f2ng li\u00ean h\u1ec7 v\u1edbi ch\u00fang t\u00f4i qua email v\u00e0 nh\u00f3m c\u1ee7a ch\u00fang t\u00f4i s\u1ebd ph\u1ea3n h\u1ed3i ngay l\u1eadp t\u1ee9c.<\/span><\/p><p><span style=\"color: #000000;\">\ud83d\udce7 <strong>E-mail:<\/strong> <a style=\"color: #000000;\" href=\"mailto:contact@chaophrayaprincesscruise.com\" rel=\"noopener\">contact@chaophrayaprincesscruise.com<\/a><\/span><\/p><hr \/><h3><span style=\"color: #000000;\"><strong>\ud83d\udcac Tr\u00f2 chuy\u1ec7n tr\u1ef1c ti\u1ebfp<\/strong><\/span><\/h3><p><span style=\"color: #000000;\">C\u1ea7n h\u1ed7 tr\u1ee3 ngay l\u1eadp t\u1ee9c? <strong>t\u00ednh n\u0103ng tr\u00f2 chuy\u1ec7n tr\u1ef1c ti\u1ebfp<\/strong> c\u00f3 s\u1eb5n tr\u00ean trang web c\u1ee7a ch\u00fang t\u00f4i \u0111\u1ec3 cung c\u1ea5p <strong>h\u1ed7 tr\u1ee3 th\u1eddi gian th\u1ef1c<\/strong> cho b\u1ea5t k\u1ef3 th\u1eafc m\u1eafc n\u00e0o li\u00ean quan \u0111\u1ebfn b\u1ea1n <strong>\u0110\u1eb7t v\u00e9 du thuy\u1ec1n Chao Phraya Princess<\/strong>.<\/span><\/p><p><span style=\"color: #000000;\">\ud83c\udf10 <strong>Th\u0103m nom:<\/strong> <a style=\"color: #000000;\" href=\"https:\/\/chaophrayaprincesscruise.com\/vi\/\" target=\"_new\" rel=\"noopener\">https:\/\/chaophrayaprincesscruise.com\/<\/a> V\u00e0 <strong>tr\u00f2 chuy\u1ec7n v\u1edbi ch\u00fang t\u00f4i ngay!<\/strong><\/span><\/p><hr \/><h3><span style=\"color: #000000;\"><strong>\ud83d\udd52 Gi\u1edd l\u00e0m vi\u1ec7c c\u1ee7a b\u1ed9 ph\u1eadn h\u1ed7 tr\u1ee3 kh\u00e1ch h\u00e0ng<\/strong><\/span><\/h3><p><span style=\"color: #000000;\">\u0110\u1ed9i ng\u0169 h\u1ed7 tr\u1ee3 t\u1eadn t\u00e2m c\u1ee7a ch\u00fang t\u00f4i lu\u00f4n s\u1eb5n s\u00e0ng <strong>h\u1ed7 tr\u1ee3 b\u1ea1n 24\/7<\/strong>, \u0111\u1ea3m b\u1ea3o tr\u1ea3i nghi\u1ec7m \u0111\u1eb7t ph\u00f2ng li\u1ec1n m\u1ea1ch v\u00e0 th\u00fa v\u1ecb b\u1ea5t c\u1ee9 l\u00fac n\u00e0o.<\/span><\/p><p><span style=\"color: #000000;\">\ud83d\udcde <strong>H\u1ed7 tr\u1ee3 kh\u00e1ch h\u00e0ng 24\/7<\/strong> \u2013 Ch\u00fang t\u00f4i \u1edf \u0111\u00e2y \u0111\u1ec3 gi\u00fap b\u1ea1n <strong>b\u1ea5t k\u1ef3 c\u00e2u h\u1ecfi n\u00e0o tr\u01b0\u1edbc, trong ho\u1eb7c sau khi \u0111\u1eb7t ph\u00f2ng c\u1ee7a b\u1ea1n<\/strong>.<\/span><\/p><hr \/><h2><span style=\"color: #000000;\"><strong>\ud83c\udf1f T\u1ea1i sao n\u00ean \u0111\u1eb7t ph\u00f2ng v\u1edbi Triplyn Holidays?<\/strong><\/span><\/h2><p><span style=\"color: #000000;\">T\u1ea1i <strong>K\u1ef3 ngh\u1ec9 Triplyn<\/strong>, ch\u00fang t\u00f4i cam k\u1ebft cung c\u1ea5p <strong>d\u1ecbch v\u1ee5 kh\u00e1ch h\u00e0ng \u0111\u1eb7c bi\u1ec7t<\/strong> \u0111\u1ec3 l\u00e0m cho b\u1ea1n <strong>Tr\u1ea3i nghi\u1ec7m du thuy\u1ec1n Chao Phraya Princess<\/strong> kh\u00f4ng c\u0103ng th\u1eb3ng v\u00e0 th\u00fa v\u1ecb.<\/span><\/p><p><span style=\"color: #000000;\">\u2705 <strong>\u0110\u1eb7t v\u00e9 nhanh ch\u00f3ng v\u00e0 an to\u00e0n<\/strong> \u2013 X\u00e1c nh\u1eadn ngay l\u1eadp t\u1ee9c v\u1edbi quy tr\u00ecnh \u0111\u1eb7t ch\u1ed7 li\u1ec1n m\u1ea1ch.<\/span><br \/><span style=\"color: #000000;\">\u2705 <strong>H\u1ed7 tr\u1ee3 kh\u00e1ch h\u00e0ng \u0111\u00e1ng tin c\u1eady<\/strong> \u2013 H\u1ed7 tr\u1ee3 th\u00e2n thi\u1ec7n tr\u01b0\u1edbc, trong v\u00e0 sau khi \u0111\u1eb7t ch\u1ed7.<\/span><br \/><span style=\"color: #000000;\">\u2705 <strong>Gi\u00e1 t\u1ed1t nh\u1ea5t &amp; \u01afu \u0111\u00e3i \u0111\u1ed9c quy\u1ec1n<\/strong> \u2013 Nh\u1eadn \u0111\u01b0\u1ee3c nh\u1eefng \u01b0u \u0111\u00e3i t\u1ed1t nh\u1ea5t tr\u00ean <strong>Du thuy\u1ec1n Chao Phraya Princess \u0102n t\u1ed1i v\u00e0 Ng\u1eafm ho\u00e0ng h\u00f4n<\/strong>.<\/span><\/p><p><span style=\"color: #000000;\">\ud83d\udccd <strong>Trang web:<\/strong> <a style=\"color: #000000;\" href=\"https:\/\/chaophrayaprincesscruise.com\/vi\/\" target=\"_new\" rel=\"noopener\">https:\/\/chaophrayaprincesscruise.com\/<\/a><\/span><br \/><span style=\"color: #000000;\">\ud83d\udce9 <strong>E-mail:<\/strong> <a style=\"color: #000000;\" href=\"mailto:contact@chaophrayaprincesscruise.com\" rel=\"noopener\">contact@chaophrayaprincesscruise.com<\/a><\/span><\/p><hr \/><h2><span style=\"color: #000000;\"><strong>\ud83d\udea2 L\u00ean k\u1ebf ho\u1ea1ch cho chuy\u1ebfn du ngo\u1ea1n ho\u00e0n h\u1ea3o tr\u00ean s\u00f4ng Chao Phraya!<\/strong><\/span><\/h2><p><span style=\"color: #000000;\">H\u00e3y \u0111\u1ec3 ch\u00fang t\u00f4i gi\u00fap b\u1ea1n <strong>\u0111\u1eb7t chuy\u1ebfn du ngo\u1ea1n \u0103n t\u1ed1i sang tr\u1ecdng, du ngo\u1ea1n ng\u1eafm ho\u00e0ng h\u00f4n ho\u1eb7c s\u1ef1 ki\u1ec7n \u0111\u1eb7c bi\u1ec7t tr\u00ean S\u00f4ng Chao Phraya<\/strong>. Ch\u00fang t\u00f4i mong mu\u1ed1n \u0111\u01b0\u1ee3c h\u1ed7 tr\u1ee3 b\u1ea1n v\u00e0 gi\u00fap b\u1ea1n <strong><a style=\"color: #000000;\" href=\"https:\/\/chaophrayaprincesscruise.com\/vi\/\">C\u00f4ng ch\u00faa Chao Phraya<\/a> Tr\u1ea3i nghi\u1ec7m du ngo\u1ea1n kh\u00f3 qu\u00ean!<\/strong><\/span><\/p>\t\t\t\t\t\t\t\t<\/div>\n\t\t\t\t<\/div>\n\t\t\t\t\t<\/div>\n\t\t<\/div>\n\t\t\t\t\t<\/div>\n\t\t<\/section>\n\t\t\t\t<\/div>","protected":false},"excerpt":{"rendered":"<p>Contact Us At Chao Phraya Princess Cruise, operated by Triplyn Holidays, we specialize in hassle-free ticket booking services for a luxurious dining experience on the Chao Phraya River. Whether you need assistance with your cruise reservation, have inquiries about dining options, departure locations, or travel support, our team is here to help! \ud83d\udea8 Please Note: [&hellip;]<\/p>\n","protected":false},"author":1,"featured_media":0,"parent":0,"menu_order":0,"comment_status":"closed","ping_status":"open","template":"","meta":{"ocean_post_layout":"","ocean_both_sidebars_style":"","ocean_both_sidebars_content_width":0,"ocean_both_sidebars_sidebars_width":0,"ocean_sidebar":"","ocean_second_sidebar":"","ocean_disable_margins":"enable","ocean_add_body_class":"","ocean_shortcode_before_top_bar":"","ocean_shortcode_after_top_bar":"","ocean_shortcode_before_header":"","ocean_shortcode_after_header":"","ocean_has_shortcode":"","ocean_shortcode_after_title":"","ocean_shortcode_before_footer_widgets":"","ocean_shortcode_after_footer_widgets":"","ocean_shortcode_before_footer_bottom":"","ocean_shortcode_after_footer_bottom":"","ocean_display_top_bar":"default","ocean_display_header":"default","ocean_header_style":"","ocean_center_header_left_menu":"","ocean_custom_header_template":"","ocean_custom_logo":0,"ocean_custom_retina_logo":0,"ocean_custom_logo_max_width":0,"ocean_custom_logo_tablet_max_width":0,"ocean_custom_logo_mobile_max_width":0,"ocean_custom_logo_max_height":0,"ocean_custom_logo_tablet_max_height":0,"ocean_custom_logo_mobile_max_height":0,"ocean_header_custom_menu":"","ocean_menu_typo_font_family":"","ocean_menu_typo_font_subset":"","ocean_menu_typo_font_size":0,"ocean_menu_typo_font_size_tablet":0,"ocean_menu_typo_font_size_mobile":0,"ocean_menu_typo_font_size_unit":"px","ocean_menu_typo_font_weight":"","ocean_menu_typo_font_weight_tablet":"","ocean_menu_typo_font_weight_mobile":"","ocean_menu_typo_transform":"","ocean_menu_typo_transform_tablet":"","ocean_menu_typo_transform_mobile":"","ocean_menu_typo_line_height":0,"ocean_menu_typo_line_height_tablet":0,"ocean_menu_typo_line_height_mobile":0,"ocean_menu_typo_line_height_unit":"","ocean_menu_typo_spacing":0,"ocean_menu_typo_spacing_tablet":0,"ocean_menu_typo_spacing_mobile":0,"ocean_menu_typo_spacing_unit":"","ocean_menu_link_color":"","ocean_menu_link_color_hover":"","ocean_menu_link_color_active":"","ocean_menu_link_background":"","ocean_menu_link_hover_background":"","ocean_menu_link_active_background":"","ocean_menu_social_links_bg":"","ocean_menu_social_hover_links_bg":"","ocean_menu_social_links_color":"","ocean_menu_social_hover_links_color":"","ocean_disable_title":"default","ocean_disable_heading":"default","ocean_post_title":"","ocean_post_subheading":"","ocean_post_title_style":"","ocean_post_title_background_color":"","ocean_post_title_background":0,"ocean_post_title_bg_image_position":"","ocean_post_title_bg_image_attachment":"","ocean_post_title_bg_image_repeat":"","ocean_post_title_bg_image_size":"","ocean_post_title_height":0,"ocean_post_title_bg_overlay":0.5,"ocean_post_title_bg_overlay_color":"","ocean_disable_breadcrumbs":"default","ocean_breadcrumbs_color":"","ocean_breadcrumbs_separator_color":"","ocean_breadcrumbs_links_color":"","ocean_breadcrumbs_links_hover_color":"","ocean_display_footer_widgets":"default","ocean_display_footer_bottom":"default","ocean_custom_footer_template":"","footnotes":""},"class_list":["post-1306","page","type-page","status-publish","hentry","entry","owp-thumbs-layout-horizontal","owp-btn-normal","owp-tabs-layout-horizontal","has-no-thumbnails","has-product-nav"],"yoast_head":"<!-- This site is optimized with the Yoast SEO plugin v27.4 - https:\/\/yoast.com\/product\/yoast-seo-wordpress\/ -->\n<title>Contact Triplyn Holidays \u2013 24x7 Support For Ticket Inquiries<\/title>\n<meta name=\"description\" content=\"Reach Out To Triplyn Holidays For Ticket Bookings Or Customer Service. Available Via WhatsApp &amp; Live Chat For A Seamless Experience!\" \/>\n<meta name=\"robots\" content=\"noindex, follow\" \/>\n<meta property=\"og:locale\" content=\"vi_VN\" \/>\n<meta property=\"og:type\" content=\"article\" \/>\n<meta property=\"og:title\" content=\"Contact Triplyn Holidays \u2013 24x7 Support For Ticket Inquiries\" \/>\n<meta property=\"og:description\" content=\"Reach Out To Triplyn Holidays For Ticket Bookings Or Customer Service. Available Via WhatsApp &amp; Live Chat For A Seamless Experience!\" \/>\n<meta property=\"og:url\" content=\"https:\/\/chaophrayaprincesscruise.com\/vi\/lien-he-voi-chung-toi\/\" \/>\n<meta property=\"og:site_name\" content=\"Chao Phraya Princess Cruise\" \/>\n<meta property=\"article:modified_time\" content=\"2025-02-06T10:50:02+00:00\" \/>\n<meta name=\"twitter:card\" content=\"summary_large_image\" \/>\n<meta name=\"twitter:label1\" content=\"\u01af\u1edbc t\u00ednh th\u1eddi gian \u0111\u1ecdc\" \/>\n\t<meta name=\"twitter:data1\" content=\"2 ph\u00fat\" \/>\n<script type=\"application\/ld+json\" class=\"yoast-schema-graph\">{\"@context\":\"https:\\\/\\\/schema.org\",\"@graph\":[{\"@type\":\"WebPage\",\"@id\":\"https:\\\/\\\/chaophrayaprincesscruise.com\\\/contact-us\\\/\",\"url\":\"https:\\\/\\\/chaophrayaprincesscruise.com\\\/contact-us\\\/\",\"name\":\"Contact Triplyn Holidays \u2013 24x7 Support For Ticket Inquiries\",\"isPartOf\":{\"@id\":\"https:\\\/\\\/chaophrayaprincesscruise.com\\\/#website\"},\"datePublished\":\"2024-10-23T07:10:27+00:00\",\"dateModified\":\"2025-02-06T10:50:02+00:00\",\"description\":\"Reach Out To Triplyn Holidays For Ticket Bookings Or Customer Service. Available Via WhatsApp & Live Chat For A Seamless Experience!\",\"breadcrumb\":{\"@id\":\"https:\\\/\\\/chaophrayaprincesscruise.com\\\/contact-us\\\/#breadcrumb\"},\"inLanguage\":\"vi\",\"potentialAction\":[{\"@type\":\"ReadAction\",\"target\":[\"https:\\\/\\\/chaophrayaprincesscruise.com\\\/contact-us\\\/\"]}]},{\"@type\":\"BreadcrumbList\",\"@id\":\"https:\\\/\\\/chaophrayaprincesscruise.com\\\/contact-us\\\/#breadcrumb\",\"itemListElement\":[{\"@type\":\"ListItem\",\"position\":1,\"name\":\"Home\",\"item\":\"https:\\\/\\\/chaophrayaprincesscruise.com\\\/\"},{\"@type\":\"ListItem\",\"position\":2,\"name\":\"Contact Us\"}]},{\"@type\":\"WebSite\",\"@id\":\"https:\\\/\\\/chaophrayaprincesscruise.com\\\/#website\",\"url\":\"https:\\\/\\\/chaophrayaprincesscruise.com\\\/\",\"name\":\"Chao Phraya Princess Cruise\",\"description\":\"\",\"publisher\":{\"@id\":\"https:\\\/\\\/chaophrayaprincesscruise.com\\\/#organization\"},\"potentialAction\":[{\"@type\":\"SearchAction\",\"target\":{\"@type\":\"EntryPoint\",\"urlTemplate\":\"https:\\\/\\\/chaophrayaprincesscruise.com\\\/?s={search_term_string}\"},\"query-input\":{\"@type\":\"PropertyValueSpecification\",\"valueRequired\":true,\"valueName\":\"search_term_string\"}}],\"inLanguage\":\"vi\"},{\"@type\":\"Organization\",\"@id\":\"https:\\\/\\\/chaophrayaprincesscruise.com\\\/#organization\",\"name\":\"Chao Phraya Princess Cruise\",\"url\":\"https:\\\/\\\/chaophrayaprincesscruise.com\\\/\",\"logo\":{\"@type\":\"ImageObject\",\"inLanguage\":\"vi\",\"@id\":\"https:\\\/\\\/chaophrayaprincesscruise.com\\\/#\\\/schema\\\/logo\\\/image\\\/\",\"url\":\"https:\\\/\\\/chaophrayaprincesscruise.com\\\/wp-content\\\/uploads\\\/2024\\\/08\\\/Chao-Phraya-Princess.png\",\"contentUrl\":\"https:\\\/\\\/chaophrayaprincesscruise.com\\\/wp-content\\\/uploads\\\/2024\\\/08\\\/Chao-Phraya-Princess.png\",\"width\":350,\"height\":100,\"caption\":\"Chao Phraya Princess Cruise\"},\"image\":{\"@id\":\"https:\\\/\\\/chaophrayaprincesscruise.com\\\/#\\\/schema\\\/logo\\\/image\\\/\"}}]}<\/script>\n<!-- \/ Yoast SEO plugin. -->","yoast_head_json":{"title":"Li\u00ean h\u1ec7 Triplyn Holidays \u2013 H\u1ed7 tr\u1ee3 24x7 \u0111\u1ec3 \u0111\u01b0\u1ee3c gi\u1ea3i \u0111\u00e1p th\u1eafc m\u1eafc v\u1ec1 v\u00e9","description":"Li\u00ean h\u1ec7 v\u1edbi Triplyn Holidays \u0111\u1ec3 \u0111\u1eb7t v\u00e9 ho\u1eb7c d\u1ecbch v\u1ee5 kh\u00e1ch h\u00e0ng. C\u00f3 s\u1eb5n qua WhatsApp v\u00e0 tr\u00f2 chuy\u1ec7n tr\u1ef1c ti\u1ebfp \u0111\u1ec3 c\u00f3 tr\u1ea3i nghi\u1ec7m li\u1ec1n m\u1ea1ch!","robots":{"index":"noindex","follow":"follow"},"og_locale":"vi_VN","og_type":"article","og_title":"Contact Triplyn Holidays \u2013 24x7 Support For Ticket Inquiries","og_description":"Reach Out To Triplyn Holidays For Ticket Bookings Or Customer Service. Available Via WhatsApp & Live Chat For A Seamless Experience!","og_url":"https:\/\/chaophrayaprincesscruise.com\/vi\/lien-he-voi-chung-toi\/","og_site_name":"Chao Phraya Princess Cruise","article_modified_time":"2025-02-06T10:50:02+00:00","twitter_card":"summary_large_image","twitter_misc":{"\u01af\u1edbc t\u00ednh th\u1eddi gian \u0111\u1ecdc":"2 ph\u00fat"},"schema":{"@context":"https:\/\/schema.org","@graph":[{"@type":"WebPage","@id":"https:\/\/chaophrayaprincesscruise.com\/contact-us\/","url":"https:\/\/chaophrayaprincesscruise.com\/contact-us\/","name":"Li\u00ean h\u1ec7 Triplyn Holidays \u2013 H\u1ed7 tr\u1ee3 24x7 \u0111\u1ec3 \u0111\u01b0\u1ee3c gi\u1ea3i \u0111\u00e1p th\u1eafc m\u1eafc v\u1ec1 v\u00e9","isPartOf":{"@id":"https:\/\/chaophrayaprincesscruise.com\/#website"},"datePublished":"2024-10-23T07:10:27+00:00","dateModified":"2025-02-06T10:50:02+00:00","description":"Li\u00ean h\u1ec7 v\u1edbi Triplyn Holidays \u0111\u1ec3 \u0111\u1eb7t v\u00e9 ho\u1eb7c d\u1ecbch v\u1ee5 kh\u00e1ch h\u00e0ng. C\u00f3 s\u1eb5n qua WhatsApp v\u00e0 tr\u00f2 chuy\u1ec7n tr\u1ef1c ti\u1ebfp \u0111\u1ec3 c\u00f3 tr\u1ea3i nghi\u1ec7m li\u1ec1n m\u1ea1ch!","breadcrumb":{"@id":"https:\/\/chaophrayaprincesscruise.com\/contact-us\/#breadcrumb"},"inLanguage":"vi","potentialAction":[{"@type":"ReadAction","target":["https:\/\/chaophrayaprincesscruise.com\/contact-us\/"]}]},{"@type":"BreadcrumbList","@id":"https:\/\/chaophrayaprincesscruise.com\/contact-us\/#breadcrumb","itemListElement":[{"@type":"ListItem","position":1,"name":"Home","item":"https:\/\/chaophrayaprincesscruise.com\/"},{"@type":"ListItem","position":2,"name":"Contact Us"}]},{"@type":"WebSite","@id":"https:\/\/chaophrayaprincesscruise.com\/#website","url":"https:\/\/chaophrayaprincesscruise.com\/","name":"Du thuy\u1ec1n Chao Phraya Princess","description":"","publisher":{"@id":"https:\/\/chaophrayaprincesscruise.com\/#organization"},"potentialAction":[{"@type":"SearchAction","target":{"@type":"EntryPoint","urlTemplate":"https:\/\/chaophrayaprincesscruise.com\/?s={search_term_string}"},"query-input":{"@type":"PropertyValueSpecification","valueRequired":true,"valueName":"search_term_string"}}],"inLanguage":"vi"},{"@type":"Organization","@id":"https:\/\/chaophrayaprincesscruise.com\/#organization","name":"Du thuy\u1ec1n Chao Phraya Princess","url":"https:\/\/chaophrayaprincesscruise.com\/","logo":{"@type":"ImageObject","inLanguage":"vi","@id":"https:\/\/chaophrayaprincesscruise.com\/#\/schema\/logo\/image\/","url":"https:\/\/chaophrayaprincesscruise.com\/wp-content\/uploads\/2024\/08\/Chao-Phraya-Princess.png","contentUrl":"https:\/\/chaophrayaprincesscruise.com\/wp-content\/uploads\/2024\/08\/Chao-Phraya-Princess.png","width":350,"height":100,"caption":"Chao Phraya Princess Cruise"},"image":{"@id":"https:\/\/chaophrayaprincesscruise.com\/#\/schema\/logo\/image\/"}}]}},"jetpack_sharing_enabled":true,"_links":{"self":[{"href":"https:\/\/chaophrayaprincesscruise.com\/vi\/wp-json\/wp\/v2\/pages\/1306","targetHints":{"allow":["GET"]}}],"collection":[{"href":"https:\/\/chaophrayaprincesscruise.com\/vi\/wp-json\/wp\/v2\/pages"}],"about":[{"href":"https:\/\/chaophrayaprincesscruise.com\/vi\/wp-json\/wp\/v2\/types\/page"}],"author":[{"embeddable":true,"href":"https:\/\/chaophrayaprincesscruise.com\/vi\/wp-json\/wp\/v2\/users\/1"}],"replies":[{"embeddable":true,"href":"https:\/\/chaophrayaprincesscruise.com\/vi\/wp-json\/wp\/v2\/comments?post=1306"}],"version-history":[{"count":13,"href":"https:\/\/chaophrayaprincesscruise.com\/vi\/wp-json\/wp\/v2\/pages\/1306\/revisions"}],"predecessor-version":[{"id":2005,"href":"https:\/\/chaophrayaprincesscruise.com\/vi\/wp-json\/wp\/v2\/pages\/1306\/revisions\/2005"}],"wp:attachment":[{"href":"https:\/\/chaophrayaprincesscruise.com\/vi\/wp-json\/wp\/v2\/media?parent=1306"}],"curies":[{"name":"wp","href":"https:\/\/api.w.org\/{rel}","templated":true}]}}